{"id":61,"date":"2025-04-02T06:24:40","date_gmt":"2025-04-02T06:24:40","guid":{"rendered":"http:\/\/jltservice.co\/?page_id=61"},"modified":"2025-04-08T21:54:10","modified_gmt":"2025-04-08T21:54:10","slug":"quienes-somos-2","status":"publish","type":"page","link":"https:\/\/jltservices.com.co\/?page_id=61","title":{"rendered":"\u00bfQuienes Somos?"},"content":{"rendered":"<p>[et_pb_section fb_built=\u00bb1&#8243; _builder_version=\u00bb4.27.4&#8243; _module_preset=\u00bbdefault\u00bb background_color=\u00bb#001652&#8243; use_background_color_gradient=\u00bbon\u00bb background_color_gradient_direction=\u00bb1deg\u00bb background_color_gradient_stops=\u00bb#b20809 0%|#001652 100%\u00bb background_enable_mask_style=\u00bbon\u00bb background_mask_style=\u00bbblades\u00bb background_mask_transform=\u00bbinvert\u00bb min_height=\u00bb493px\u00bb height=\u00bb552px\u00bb custom_margin=\u00bb||-12px|||\u00bb custom_padding=\u00bb||54px|||\u00bb background_last_edited=\u00bbon|phone\u00bb background_enable_mask_style_phone=\u00bboff\u00bb background_mask_transform_phone=\u00bbflip_vertical|invert\u00bb background_mask_aspect_ratio_phone=\u00bbportrait\u00bb background_mask_size_phone=\u00bbcover\u00bb global_colors_info=\u00bb{}\u00bb][et_pb_row column_structure=\u00bb3_4,1_4&#8243; _builder_version=\u00bb4.27.4&#8243; _module_preset=\u00bbdefault\u00bb custom_margin=\u00bb|auto||113px||\u00bb custom_margin_tablet=\u00bb|auto||113px||\u00bb custom_margin_phone=\u00bb|auto||52px|false|false\u00bb custom_margin_last_edited=\u00bbon|phone\u00bb animation_style=\u00bbfade\u00bb global_colors_info=\u00bb{}\u00bb][et_pb_column type=\u00bb3_4&#8243; _builder_version=\u00bb4.27.4&#8243; _module_preset=\u00bbdefault\u00bb global_colors_info=\u00bb{}\u00bb][et_pb_text _builder_version=\u00bb4.27.4&#8243; _module_preset=\u00bbdefault\u00bb text_font=\u00bb&#8211;et_global_body_font||||||||\u00bb header_font=\u00bb&#8211;et_global_body_font|900|||||||\u00bb header_text_color=\u00bb#FFFFFF\u00bb header_font_size=\u00bb55px\u00bb width=\u00bb63.1%\u00bb custom_margin=\u00bb37px|||||\u00bb text_font_size_tablet=\u00bb\u00bb text_font_size_phone=\u00bb5px\u00bb text_font_size_last_edited=\u00bbon|phone\u00bb header_font_size_tablet=\u00bb55px\u00bb header_font_size_phone=\u00bb40px\u00bb header_font_size_last_edited=\u00bbon|phone\u00bb global_colors_info=\u00bb{}\u00bb]<\/p>\n<h1>\u00bfQuienes Somos?<\/h1>\n<p>[\/et_pb_text][et_pb_text _builder_version=\u00bb4.27.4&#8243; _module_preset=\u00bbdefault\u00bb header_5_font=\u00bbAlice||||||||\u00bb header_5_text_align=\u00bbleft\u00bb header_5_text_color=\u00bb#FFFFFF\u00bb header_5_font_size=\u00bb27px\u00bb header_5_line_height=\u00bb1.3em\u00bb width=\u00bb72.3%\u00bb header_5_font_size_tablet=\u00bb27px\u00bb header_5_font_size_phone=\u00bb19px\u00bb header_5_font_size_last_edited=\u00bbon|phone\u00bb global_colors_info=\u00bb{}\u00bb]<\/p>\n<h5>JLT SERVICES S.A.S. es una empresa Colombiana que cumple con las condiciones y requisitos necesarios para responder y finalizar con \u00e9xito los trabajos realizado. Se caracteriza por su atenci\u00f3n inmediata, seriedad y confiabilidad lo que le permite mantenerse vigente en el mercado.<\/h5>\n<p>[\/et_pb_text][\/et_pb_column][et_pb_column type=\u00bb1_4&#8243; _builder_version=\u00bb4.27.4&#8243; _module_preset=\u00bbdefault\u00bb global_colors_info=\u00bb{}\u00bb][et_pb_image src=\u00bbhttp:\/\/jltservice.co\/wp-content\/uploads\/2025\/04\/quienes-somos.png\u00bb title_text=\u00bbquienes somos\u00bb src_tablet=\u00bbhttp:\/\/jltservice.co\/wp-content\/uploads\/2025\/04\/quienes-somos.png\u00bb src_phone=\u00bb\u00bb src_last_edited=\u00bbon|phone\u00bb _builder_version=\u00bb4.27.4&#8243; _module_preset=\u00bbdefault\u00bb custom_margin=\u00bb||38px|-171px||\u00bb custom_padding=\u00bb|||0px||\u00bb global_colors_info=\u00bb{}\u00bb][\/et_pb_image][\/et_pb_column][\/et_pb_row][et_pb_row _builder_version=\u00bb4.27.4&#8243; _module_preset=\u00bbdefault\u00bb global_colors_info=\u00bb{}\u00bb][et_pb_column type=\u00bb4_4&#8243; _builder_version=\u00bb4.27.4&#8243; _module_preset=\u00bbdefault\u00bb global_colors_info=\u00bb{}\u00bb][et_pb_text _builder_version=\u00bb4.27.4&#8243; _module_preset=\u00bbdefault\u00bb text_font=\u00bb&#8211;et_global_body_font||||||||\u00bb header_font=\u00bb&#8211;et_global_body_font|700|||||||\u00bb header_text_color=\u00bb#FFFFFF\u00bb header_font_size=\u00bb46px\u00bb global_colors_info=\u00bb{}\u00bb]<\/p>\n<h1 style=\"text-align: center;\">\u00a1Conocenos!<\/h1>\n<p>[\/et_pb_text][\/et_pb_column][\/et_pb_row][\/et_pb_section][et_pb_section fb_built=\u00bb1&#8243; _builder_version=\u00bb4.27.4&#8243; _module_preset=\u00bbdefault\u00bb use_background_color_gradient=\u00bbon\u00bb background_color_gradient_stops=\u00bb#b20809 0%|#ffffff 100%\u00bb min_height=\u00bb299px\u00bb custom_margin=\u00bb-9px|||||\u00bb custom_padding=\u00bb91px|||||\u00bb bottom_divider_style=\u00bbramp2&#8243; bottom_divider_color=\u00bb#001652&#8243; bottom_divider_height=\u00bb286px\u00bb global_colors_info=\u00bb{}\u00bb][et_pb_row column_structure=\u00bb1_2,1_2&#8243; _builder_version=\u00bb4.27.4&#8243; _module_preset=\u00bbdefault\u00bb global_colors_info=\u00bb{}\u00bb][et_pb_column type=\u00bb1_2&#8243; _builder_version=\u00bb4.27.4&#8243; _module_preset=\u00bbdefault\u00bb global_colors_info=\u00bb{}\u00bb][et_pb_cta title=\u00bbMISION\u00bb button_text=\u00bbClics\u00bb _builder_version=\u00bb4.27.4&#8243; _module_preset=\u00bbdefault\u00bb background_color=\u00bb#001652&#8243; animation_style=\u00bbfold\u00bb border_radii=\u00bbon|52px|52px|52px|52px\u00bb box_shadow_style=\u00bbpreset2&#8243; box_shadow_horizontal=\u00bb12px\u00bb global_colors_info=\u00bb{}\u00bb background__hover_enabled=\u00bbon|hover\u00bb background_color__hover=\u00bb#0e78ea\u00bb background_enable_color__hover=\u00bbon\u00bb]<\/p>\n<p>JLT SERVICES S.A.S. es una empresa que cuenta con un selecto grupo de Profesionales y T\u00e9cnicos especializados en las \u00e1reas de Construcci\u00f3n, quienes aportan a la empresa y a los clientes sus mejores capacidades en pro de lograr la satisfacci\u00f3n de las necesidades de nuestros clientes y superar las expectativas esperadas.<\/p>\n<p>[\/et_pb_cta][\/et_pb_column][et_pb_column type=\u00bb1_2&#8243; _builder_version=\u00bb4.27.4&#8243; _module_preset=\u00bbdefault\u00bb global_colors_info=\u00bb{}\u00bb][et_pb_cta title=\u00bbVISION\u00bb button_text=\u00bbClics\u00bb _builder_version=\u00bb4.27.4&#8243; _module_preset=\u00bbdefault\u00bb background_color=\u00bb#001652&#8243; animation_style=\u00bbfold\u00bb border_radii=\u00bbon|52px|52px|52px|52px\u00bb box_shadow_style=\u00bbpreset2&#8243; box_shadow_horizontal=\u00bb12px\u00bb global_colors_info=\u00bb{}\u00bb background__hover_enabled=\u00bbon|hover\u00bb background_color__hover=\u00bb#0e78ea\u00bb background_enable_color__hover=\u00bbon\u00bb]<\/p>\n<p>En JLT SERVICES S.A.S. queremos ser reconocidos en el mercado como una empresa comprometida con el impacto social de sus colaboradores, que genera valor al pais mediante el desarrollo rentable y sostenible de cada una de las unidades de negocio, entregado a sus clientes una experiencia \u00fanica, diferente y satisfactoria.<\/p>\n<p>[\/et_pb_cta][\/et_pb_column][\/et_pb_row][et_pb_row _builder_version=\u00bb4.27.4&#8243; _module_preset=\u00bbdefault\u00bb column_structure=\u00bb1_2,1_2&#8243; width=\u00bb64%\u00bb hover_enabled=\u00bb0&#8243; sticky_enabled=\u00bb0&#8243;][et_pb_column _builder_version=\u00bb4.27.4&#8243; _module_preset=\u00bbdefault\u00bb type=\u00bb1_2&#8243;][et_pb_cta title=\u00bbVALORES\u00bb button_text=\u00bbClics\u00bb _builder_version=\u00bb4.27.4&#8243; _module_preset=\u00bbdefault\u00bb background_color=\u00bb#001652&#8243; animation_style=\u00bbfold\u00bb hover_enabled=\u00bb0&#8243; border_radii=\u00bbon|52px|52px|52px|52px\u00bb box_shadow_style=\u00bbpreset2&#8243; box_shadow_horizontal=\u00bb12px\u00bb global_colors_info=\u00bb{}\u00bb background__hover_enabled=\u00bbon|hover\u00bb background_color__hover=\u00bb#0e78ea\u00bb background_enable_color__hover=\u00bbon\u00bb body_font_size_last_edited=\u00bbon|phone\u00bb body_font_size_phone=\u00bb11px\u00bb sticky_enabled=\u00bb0&#8243;]<\/p>\n<p>En JLT SERVICES S.A.S. nuestro equipo est\u00e1 organizado para cumplir y superar las expectativas de cada proyecto, tener un grupo de personas calificadas que con dedicaci\u00f3n y talento garantizan el crecimiento y el \u00e9xito de nuestra empresa y la satisfacci\u00f3n de nuestros clientes.<\/p>\n<p>Nos preocupamos por mejorar cada d\u00eda e innovar en nuestros procesos, procuramos alianzas estrat\u00e9gicas y trabajamos con proveedores de confianza que nos permite garantizar la calidad.<\/p>\n<p>[\/et_pb_cta][\/et_pb_column][et_pb_column _builder_version=\u00bb4.27.4&#8243; _module_preset=\u00bbdefault\u00bb type=\u00bb1_2&#8243;][et_pb_image src=\u00bbhttp:\/\/jltservices.com.co\/wp-content\/uploads\/2025\/04\/plomero-1.png\u00bb title_text=\u00bbplomero\u00bb show_bottom_space=\u00bboff\u00bb _builder_version=\u00bb4.27.4&#8243; _module_preset=\u00bbdefault\u00bb custom_margin=\u00bb|||-46px||\u00bb custom_padding=\u00bb|||47px||\u00bb hover_enabled=\u00bb0&#8243; global_colors_info=\u00bb{}\u00bb width=\u00bb100%\u00bb sticky_enabled=\u00bb0&#8243;][\/et_pb_image][\/et_pb_column][\/et_pb_row][\/et_pb_section][et_pb_section fb_built=\u00bb1&#8243; _builder_version=\u00bb4.27.4&#8243; _module_preset=\u00bbdefault\u00bb background_color=\u00bb#001652&#8243; global_colors_info=\u00bb{}\u00bb][et_pb_row column_structure=\u00bb1_2,1_2&#8243; _builder_version=\u00bb4.27.4&#8243; _module_preset=\u00bbdefault\u00bb width=\u00bb76%\u00bb custom_margin=\u00bb-12px|auto||195px||\u00bb animation_style=\u00bbflip\u00bb hover_enabled=\u00bb0&#8243; global_colors_info=\u00bb{}\u00bb width_last_edited=\u00bbon|phone\u00bb width_phone=\u00bb50%\u00bb custom_margin_last_edited=\u00bbon|phone\u00bb custom_margin_phone=\u00bb-12px|auto||121px|false|false\u00bb sticky_enabled=\u00bb0&#8243; width_tablet=\u00bb76%\u00bb custom_margin_tablet=\u00bb-12px|auto||195px||\u00bb][et_pb_column type=\u00bb1_2&#8243; _builder_version=\u00bb4.27.4&#8243; _module_preset=\u00bbdefault\u00bb global_colors_info=\u00bb{}\u00bb][et_pb_video src=\u00bbhttp:\/\/jltservices.com.co\/wp-content\/uploads\/2025\/04\/VIDEO-2025-04-01-20-41-47.mp4&#8243; _builder_version=\u00bb4.27.4&#8243; _module_preset=\u00bbdefault\u00bb width=\u00bb64%\u00bb hover_enabled=\u00bb0&#8243; border_radii=\u00bbon|16px|16px|16px|16px\u00bb box_shadow_style=\u00bbpreset4&#8243; global_colors_info=\u00bb{}\u00bb max_width_last_edited=\u00bbon|phone\u00bb width_last_edited=\u00bbon|phone\u00bb width_phone=\u00bb100%\u00bb sticky_enabled=\u00bb0&#8243; width_tablet=\u00bb64%\u00bb][\/et_pb_video][\/et_pb_column][et_pb_column type=\u00bb1_2&#8243; _builder_version=\u00bb4.27.4&#8243; _module_preset=\u00bbdefault\u00bb global_colors_info=\u00bb{}\u00bb][et_pb_text _builder_version=\u00bb4.27.4&#8243; _module_preset=\u00bbdefault\u00bb text_font=\u00bb&#8211;et_global_body_font|800|||||||\u00bb header_font=\u00bb&#8211;et_global_body_font|700|||||||\u00bb header_text_color=\u00bb#FFFFFF\u00bb header_font_size=\u00bb43px\u00bb width=\u00bb98.3%\u00bb custom_margin=\u00bb55px|||-114px||\u00bb hover_enabled=\u00bb0&#8243; locked=\u00bboff\u00bb global_colors_info=\u00bb{}\u00bb header_font_size_last_edited=\u00bbon|phone\u00bb header_font_size_phone=\u00bb28px\u00bb sticky_enabled=\u00bb0&#8243; header_font_size_tablet=\u00bb43px\u00bb]<\/p>\n<ul>\n<li>\n<h1>Calidad.<\/h1>\n<\/li>\n<li>\n<h1>Eficiencia.<\/h1>\n<\/li>\n<li>\n<h1>Excelencia.<\/h1>\n<\/li>\n<li>\n<h1>Personal Capacitado.<\/h1>\n<\/li>\n<\/ul>\n<p>[\/et_pb_text][et_pb_icon font_icon=\u00bb&#xe035;||divi||400&#8243; icon_color=\u00bb#b20809&#8243; icon_width=\u00bb165px\u00bb align=\u00bbleft\u00bb _builder_version=\u00bb4.27.4&#8243; _module_preset=\u00bbdefault\u00bb hover_enabled=\u00bb0&#8243; global_colors_info=\u00bb{}\u00bb icon_width_last_edited=\u00bbon|phone\u00bb icon_width_phone=\u00bb112px\u00bb sticky_enabled=\u00bb0&#8243; icon_width_tablet=\u00bb165px\u00bb][\/et_pb_icon][\/et_pb_column][\/et_pb_row][\/et_pb_section]<\/p>\n","protected":false},"excerpt":{"rendered":"<p>\u00bfQuienes Somos?JLT SERVICES S.A.S. es una empresa Colombiana que cumple con las condiciones y requisitos necesarios para responder y finalizar con \u00e9xito los trabajos realizado. Se caracteriza por su atenci\u00f3n inmediata, seriedad y confiabilidad lo que le permite mantenerse vigente en el mercado.\u00a1Conocenos!JLT SERVICES S.A.S. es una empresa que cuenta con un selecto grupo de [&hellip;]<\/p>\n","protected":false},"author":1,"featured_media":0,"parent":0,"menu_order":0,"comment_status":"closed","ping_status":"closed","template":"","meta":{"_et_pb_use_builder":"on","_et_pb_old_content":"","_et_gb_content_width":"","footnotes":""},"class_list":["post-61","page","type-page","status-publish","hentry"],"_links":{"self":[{"href":"https:\/\/jltservices.com.co\/index.php?rest_route=\/wp\/v2\/pages\/61","targetHints":{"allow":["GET"]}}],"collection":[{"href":"https:\/\/jltservices.com.co\/index.php?rest_route=\/wp\/v2\/pages"}],"about":[{"href":"https:\/\/jltservices.com.co\/index.php?rest_route=\/wp\/v2\/types\/page"}],"author":[{"embeddable":true,"href":"https:\/\/jltservices.com.co\/index.php?rest_route=\/wp\/v2\/users\/1"}],"replies":[{"embeddable":true,"href":"https:\/\/jltservices.com.co\/index.php?rest_route=%2Fwp%2Fv2%2Fcomments&post=61"}],"version-history":[{"count":23,"href":"https:\/\/jltservices.com.co\/index.php?rest_route=\/wp\/v2\/pages\/61\/revisions"}],"predecessor-version":[{"id":249,"href":"https:\/\/jltservices.com.co\/index.php?rest_route=\/wp\/v2\/pages\/61\/revisions\/249"}],"wp:attachment":[{"href":"https:\/\/jltservices.com.co\/index.php?rest_route=%2Fwp%2Fv2%2Fmedia&parent=61"}],"curies":[{"name":"wp","href":"https:\/\/api.w.org\/{rel}","templated":true}]}}