{"id":278,"date":"2025-04-22T21:47:35","date_gmt":"2025-04-22T21:47:35","guid":{"rendered":"https:\/\/jltservices.com.co\/?page_id=278"},"modified":"2025-04-30T22:59:12","modified_gmt":"2025-04-30T22:59:12","slug":"servicio-tecnico-gas-natural","status":"publish","type":"page","link":"https:\/\/jltservices.com.co\/?page_id=278","title":{"rendered":"Servicio T\u00e9cnico Gas Natural"},"content":{"rendered":"<p>[et_pb_section fb_built=\u00bb1&#8243; _builder_version=\u00bb4.27.4&#8243; _module_preset=\u00bbdefault\u00bb background_color=\u00bb#001652&#8243; da_disable_devices=\u00bboff|off|off\u00bb locked=\u00bboff\u00bb global_colors_info=\u00bb{}\u00bb da_is_popup=\u00bboff\u00bb da_exit_intent=\u00bboff\u00bb da_has_close=\u00bbon\u00bb da_alt_close=\u00bboff\u00bb da_dark_close=\u00bboff\u00bb da_not_modal=\u00bbon\u00bb da_is_singular=\u00bboff\u00bb da_with_loader=\u00bboff\u00bb da_has_shadow=\u00bbon\u00bb][et_pb_row column_structure=\u00bb1_2,1_2&#8243; _builder_version=\u00bb4.27.4&#8243; _module_preset=\u00bbdefault\u00bb custom_margin=\u00bb|auto|1px|auto||\u00bb global_colors_info=\u00bb{}\u00bb][et_pb_column type=\u00bb1_2&#8243; _builder_version=\u00bb4.27.4&#8243; _module_preset=\u00bbdefault\u00bb global_colors_info=\u00bb{}\u00bb][et_pb_image src=\u00bbhttp:\/\/jltservices.com.co\/wp-content\/uploads\/2025\/04\/GAS-NATURAL.png\u00bb _builder_version=\u00bb4.27.4&#8243; _module_preset=\u00bbdefault\u00bb title_text=\u00bbGAS NATURAL\u00bb hover_enabled=\u00bb0&#8243; sticky_enabled=\u00bb0&#8243;][\/et_pb_image][\/et_pb_column][et_pb_column type=\u00bb1_2&#8243; _builder_version=\u00bb4.27.4&#8243; _module_preset=\u00bbdefault\u00bb global_colors_info=\u00bb{}\u00bb][et_pb_text _builder_version=\u00bb4.27.4&#8243; _module_preset=\u00bbdefault\u00bb header_font=\u00bb&#8211;et_global_body_font|900|||||||\u00bb header_text_align=\u00bbcenter\u00bb header_text_color=\u00bb#b20809&#8243; header_font_size=\u00bb45px\u00bb header_line_height=\u00bb1.2em\u00bb custom_margin=\u00bb36px|||||\u00bb custom_padding=\u00bb0px|||||\u00bb header_font_size_tablet=\u00bb45px\u00bb header_font_size_phone=\u00bb35px\u00bb header_font_size_last_edited=\u00bbon|phone\u00bb header_text_shadow_style=\u00bbpreset1&#8243; global_colors_info=\u00bb{}\u00bb]<\/p>\n<h1>\u00bfProblemas con tu instalaci\u00f3n de gas natural? \u00a1Est\u00e1s en el lugar correcto!<\/h1>\n<p>[\/et_pb_text][et_pb_text _builder_version=\u00bb4.27.4&#8243; _module_preset=\u00bbdefault\u00bb text_font=\u00bb&#8211;et_global_body_font||||||||\u00bb header_4_font=\u00bb&#8211;et_global_body_font|600|||||||\u00bb header_4_text_align=\u00bbjustify\u00bb header_4_text_color=\u00bb#FFFFFF\u00bb header_4_font_size=\u00bb20px\u00bb header_4_line_height=\u00bb1.1em\u00bb global_colors_info=\u00bb{}\u00bb]<\/p>\n<h4>En JLT somos expertos en servicios de reparaci\u00f3n, instalaci\u00f3n y mantenimiento de sistemas de gas natural. Nuestro equipo est\u00e1 conformado por t\u00e9cnicos certificados, con amplia experiencia en brindar soluciones seguras, r\u00e1pidas y eficientes tanto para hogares como para negocios.<\/h4>\n<p>[\/et_pb_text][\/et_pb_column][\/et_pb_row][\/et_pb_section][et_pb_section fb_built=\u00bb1&#8243; _builder_version=\u00bb4.27.4&#8243; _module_preset=\u00bbdefault\u00bb background_color=\u00bb#001652&#8243; min_height=\u00bb623.9px\u00bb custom_padding=\u00bb66px||0px|||\u00bb top_divider_style=\u00bbslant2&#8243; top_divider_color=\u00bb#E02B20&#8243; da_disable_devices=\u00bboff|off|off\u00bb locked=\u00bboff\u00bb global_colors_info=\u00bb{}\u00bb da_is_popup=\u00bboff\u00bb da_exit_intent=\u00bboff\u00bb da_has_close=\u00bbon\u00bb da_alt_close=\u00bboff\u00bb da_dark_close=\u00bboff\u00bb da_not_modal=\u00bbon\u00bb da_is_singular=\u00bboff\u00bb da_with_loader=\u00bboff\u00bb da_has_shadow=\u00bbon\u00bb][et_pb_row _builder_version=\u00bb4.27.4&#8243; _module_preset=\u00bbdefault\u00bb custom_margin=\u00bb-39px|auto||auto||\u00bb custom_padding=\u00bb0px|||||\u00bb global_colors_info=\u00bb{}\u00bb][et_pb_column type=\u00bb4_4&#8243; _builder_version=\u00bb4.27.4&#8243; _module_preset=\u00bbdefault\u00bb global_colors_info=\u00bb{}\u00bb][et_pb_text _builder_version=\u00bb4.27.4&#8243; _module_preset=\u00bbdefault\u00bb header_font=\u00bb&#8211;et_global_body_font|900|||||||\u00bb header_text_align=\u00bbcenter\u00bb header_text_color=\u00bb#b20809&#8243; header_font_size=\u00bb45px\u00bb header_line_height=\u00bb1.2em\u00bb custom_margin=\u00bb36px|||||\u00bb custom_padding=\u00bb0px|||||\u00bb header_text_shadow_style=\u00bbpreset1&#8243; global_colors_info=\u00bb{}\u00bb]<\/p>\n<h1>\u00a1OFRECEMOS!<\/h1>\n<p>[\/et_pb_text][\/et_pb_column][\/et_pb_row][et_pb_row column_structure=\u00bb1_2,1_2&#8243; _builder_version=\u00bb4.27.4&#8243; _module_preset=\u00bbdefault\u00bb custom_margin=\u00bb|126px||auto||\u00bb global_colors_info=\u00bb{}\u00bb][et_pb_column type=\u00bb1_2&#8243; _builder_version=\u00bb4.27.4&#8243; _module_preset=\u00bbdefault\u00bb global_colors_info=\u00bb{}\u00bb][et_pb_cta button_text=\u00bbClics\u00bb _builder_version=\u00bb4.27.4&#8243; _module_preset=\u00bbdefault\u00bb body_font=\u00bb&#8211;et_global_body_font|600|||||||\u00bb body_text_color=\u00bb#E02B20&#8243; body_font_size=\u00bb16px\u00bb body_line_height=\u00bb1em\u00bb background_color=\u00bb#FFFFFF\u00bb custom_margin=\u00bb-3px|-7px||11px||\u00bb custom_padding=\u00bb|57px|0px|65px||\u00bb animation_style=\u00bbfold\u00bb body_font_size_tablet=\u00bb17px\u00bb body_font_size_phone=\u00bb11px\u00bb body_font_size_last_edited=\u00bbon|phone\u00bb background_last_edited=\u00bbon|desktop\u00bb border_radii=\u00bbon|34px|34px|34px|34px\u00bb global_colors_info=\u00bb{}\u00bb background__hover_enabled=\u00bbon|hover\u00bb background_color__hover=\u00bb#dddddd\u00bb background_enable_color__hover=\u00bbon\u00bb]<\/p>\n<ul>\n<li style=\"text-align: justify;\">Detecci\u00f3n y reparaci\u00f3n de fugas de gas<\/li>\n<li style=\"text-align: justify;\">Mantenimiento preventivo de instalaciones para evitar riesgos y mejorar el rendimiento<\/li>\n<li style=\"text-align: justify;\">Reparaci\u00f3n y adecuaci\u00f3n de redes de gas para nuevos electrodom\u00e9sticos o ampliaciones<\/li>\n<li style=\"text-align: justify;\">Instalaci\u00f3n de estufas, calentadores, hornos, secadoras a gas y m\u00e1s<\/li>\n<li style=\"text-align: justify;\">Certificados de conformidad y cumplimiento de normativas locales<\/li>\n<li style=\"text-align: justify;\">Diagn\u00f3stico t\u00e9cnico profesional con equipos de \u00faltima tecnolog\u00eda<\/li>\n<\/ul>\n<p>[\/et_pb_cta][\/et_pb_column][et_pb_column type=\u00bb1_2&#8243; _builder_version=\u00bb4.27.4&#8243; _module_preset=\u00bbdefault\u00bb global_colors_info=\u00bb{}\u00bb][et_pb_image src=\u00bbhttp:\/\/jltservices.com.co\/wp-content\/uploads\/2025\/04\/ofrecemos.png\u00bb title_text=\u00bbofrecemos\u00bb _builder_version=\u00bb4.27.4&#8243; _module_preset=\u00bbdefault\u00bb global_colors_info=\u00bb{}\u00bb][\/et_pb_image][\/et_pb_column][\/et_pb_row][\/et_pb_section][et_pb_section fb_built=\u00bb1&#8243; prev_background_color=\u00bb#001652&#8243; _builder_version=\u00bb4.27.4&#8243; _module_preset=\u00bbdefault\u00bb background_color=\u00bbrgba(178,0,0,0.13)\u00bb background_enable_mask_style=\u00bbon\u00bb background_mask_style=\u00bbdiagonal-pills\u00bb background_mask_aspect_ratio=\u00bbsquare\u00bb top_divider_style=\u00bbramp2&#8243; da_disable_devices=\u00bboff|off|off\u00bb locked=\u00bboff\u00bb global_colors_info=\u00bb{}\u00bb da_is_popup=\u00bboff\u00bb da_exit_intent=\u00bboff\u00bb da_has_close=\u00bbon\u00bb da_alt_close=\u00bboff\u00bb da_dark_close=\u00bboff\u00bb da_not_modal=\u00bbon\u00bb da_is_singular=\u00bboff\u00bb da_with_loader=\u00bboff\u00bb da_has_shadow=\u00bbon\u00bb][et_pb_row _builder_version=\u00bb4.27.4&#8243; _module_preset=\u00bbdefault\u00bb global_colors_info=\u00bb{}\u00bb][et_pb_column type=\u00bb4_4&#8243; _builder_version=\u00bb4.27.4&#8243; _module_preset=\u00bbdefault\u00bb global_colors_info=\u00bb{}\u00bb][et_pb_text _builder_version=\u00bb4.27.4&#8243; _module_preset=\u00bbdefault\u00bb header_font=\u00bb&#8211;et_global_body_font|900|||||||\u00bb header_text_align=\u00bbcenter\u00bb header_text_color=\u00bb#b20809&#8243; header_font_size=\u00bb45px\u00bb header_line_height=\u00bb1.2em\u00bb custom_margin=\u00bb36px|||||\u00bb custom_padding=\u00bb0px|||||\u00bb header_text_shadow_style=\u00bbpreset1&#8243; global_colors_info=\u00bb{}\u00bb]<\/p>\n<h1>\u00bfPOR QUE ELEGIRNOS?<\/h1>\n<p>[\/et_pb_text][\/et_pb_column][\/et_pb_row][et_pb_row column_structure=\u00bb1_2,1_2&#8243; _builder_version=\u00bb4.27.4&#8243; _module_preset=\u00bbdefault\u00bb global_colors_info=\u00bb{}\u00bb][et_pb_column type=\u00bb1_2&#8243; _builder_version=\u00bb4.27.4&#8243; _module_preset=\u00bbdefault\u00bb global_colors_info=\u00bb{}\u00bb][et_pb_slider _builder_version=\u00bb4.27.4&#8243; _module_preset=\u00bbdefault\u00bb animation_style=\u00bbfold\u00bb border_radii=\u00bbon|20px|20px|20px|20px\u00bb global_colors_info=\u00bb{}\u00bb][et_pb_slide heading=\u00bbAtenci\u00f3n r\u00e1pida y personalizada\u00bb button_text=\u00bbCont\u00e1ctanos \u00bb button_link=\u00bbhttps:\/\/wa.link\/v7qzkf\u00bb url_new_window=\u00bbon\u00bb use_bg_overlay=\u00bbon\u00bb bg_overlay_color=\u00bb#001652&#8243; _builder_version=\u00bb4.27.4&#8243; _module_preset=\u00bbdefault\u00bb custom_button=\u00bbon\u00bb button_text_color=\u00bb#FFFFFF\u00bb button_bg_color=\u00bb#b20809&#8243; button_border_color=\u00bb#E02B20&#8243; button_icon=\u00bb&#x30;||divi||400&#8243; button_icon_color=\u00bb#FFFFFF\u00bb link_option_url=\u00bbhttps:\/\/wa.link\/v7qzkf\u00bb link_option_url_new_window=\u00bbon\u00bb global_colors_info=\u00bb{}\u00bb button_bg_color__hover_enabled=\u00bbon|hover\u00bb button_bg_color__hover=\u00bb#b24747&#8243; button_bg_enable_color__hover=\u00bbon\u00bb sticky_transition=\u00bbon\u00bb][\/et_pb_slide][et_pb_slide heading=\u00bbT\u00e9cnicos certificados y con experiencia\u00bb button_text=\u00bbCont\u00e1ctanos \u00bb button_link=\u00bbhttps:\/\/wa.link\/v7qzkf\u00bb url_new_window=\u00bbon\u00bb use_bg_overlay=\u00bbon\u00bb bg_overlay_color=\u00bb#001652&#8243; _builder_version=\u00bb4.27.4&#8243; _module_preset=\u00bbdefault\u00bb custom_button=\u00bbon\u00bb button_text_color=\u00bb#FFFFFF\u00bb button_bg_color=\u00bb#b20809&#8243; button_border_color=\u00bb#E02B20&#8243; button_icon=\u00bb&#x30;||divi||400&#8243; button_icon_color=\u00bb#FFFFFF\u00bb link_option_url=\u00bbhttps:\/\/wa.link\/v7qzkf\u00bb link_option_url_new_window=\u00bbon\u00bb global_colors_info=\u00bb{}\u00bb button_bg_color__hover_enabled=\u00bbon|hover\u00bb button_bg_color__hover=\u00bb#b24747&#8243; button_bg_enable_color__hover=\u00bbon\u00bb sticky_transition=\u00bbon\u00bb][\/et_pb_slide][\/et_pb_slider][\/et_pb_column][et_pb_column type=\u00bb1_2&#8243; _builder_version=\u00bb4.27.4&#8243; _module_preset=\u00bbdefault\u00bb global_colors_info=\u00bb{}\u00bb][et_pb_slider _builder_version=\u00bb4.27.4&#8243; _module_preset=\u00bbdefault\u00bb animation_style=\u00bbfold\u00bb link_option_url=\u00bbhttps:\/\/wa.link\/v7qzkf\u00bb link_option_url_new_window=\u00bbon\u00bb border_radii=\u00bbon|20px|20px|20px|20px\u00bb global_colors_info=\u00bb{}\u00bb][et_pb_slide heading=\u00bbPrecios claros y justos\u00bb button_text=\u00bbCont\u00e1ctanos \u00bb button_link=\u00bbhttps:\/\/wa.link\/v7qzkf\u00bb url_new_window=\u00bbon\u00bb use_bg_overlay=\u00bbon\u00bb bg_overlay_color=\u00bb#001652&#8243; _builder_version=\u00bb4.27.4&#8243; _module_preset=\u00bbdefault\u00bb custom_button=\u00bbon\u00bb button_text_color=\u00bb#FFFFFF\u00bb button_bg_color=\u00bb#b20809&#8243; button_border_color=\u00bb#E02B20&#8243; button_icon=\u00bb&#x30;||divi||400&#8243; button_icon_color=\u00bb#FFFFFF\u00bb link_option_url=\u00bbhttps:\/\/wa.link\/v7qzkf\u00bb link_option_url_new_window=\u00bbon\u00bb global_colors_info=\u00bb{}\u00bb button_bg_color__hover_enabled=\u00bbon|hover\u00bb button_bg_color__hover=\u00bb#b24747&#8243; button_bg_enable_color__hover=\u00bbon\u00bb sticky_transition=\u00bbon\u00bb][\/et_pb_slide][et_pb_slide heading=\u00bbGarant\u00eda en todos nuestros trabajos\u00bb button_text=\u00bbCont\u00e1ctanos \u00bb button_link=\u00bbhttps:\/\/wa.link\/v7qzkf\u00bb url_new_window=\u00bbon\u00bb use_bg_overlay=\u00bbon\u00bb bg_overlay_color=\u00bb#001652&#8243; _builder_version=\u00bb4.27.4&#8243; _module_preset=\u00bbdefault\u00bb custom_button=\u00bbon\u00bb button_text_color=\u00bb#FFFFFF\u00bb button_bg_color=\u00bb#b20809&#8243; button_border_color=\u00bb#E02B20&#8243; button_icon=\u00bb&#x30;||divi||400&#8243; button_icon_color=\u00bb#FFFFFF\u00bb link_option_url=\u00bbhttps:\/\/wa.link\/v7qzkf\u00bb link_option_url_new_window=\u00bbon\u00bb global_colors_info=\u00bb{}\u00bb button_bg_color__hover_enabled=\u00bbon|hover\u00bb button_bg_color__hover=\u00bb#b24747&#8243; button_bg_enable_color__hover=\u00bbon\u00bb sticky_transition=\u00bbon\u00bb][\/et_pb_slide][\/et_pb_slider][\/et_pb_column][\/et_pb_row][et_pb_row _builder_version=\u00bb4.27.4&#8243; _module_preset=\u00bbdefault\u00bb custom_margin=\u00bb|auto|-15px|auto||\u00bb global_colors_info=\u00bb{}\u00bb][et_pb_column type=\u00bb4_4&#8243; _builder_version=\u00bb4.27.4&#8243; _module_preset=\u00bbdefault\u00bb global_colors_info=\u00bb{}\u00bb][et_pb_text _builder_version=\u00bb4.27.4&#8243; _module_preset=\u00bbdefault\u00bb text_font=\u00bb&#8211;et_global_body_font|600|||||||\u00bb text_text_color=\u00bb#E02B20&#8243; header_4_font=\u00bb&#8211;et_global_body_font|600|||||||\u00bb header_4_text_color=\u00bb#000000&#8243; global_colors_info=\u00bb{}\u00bb]<\/p>\n<h4 style=\"text-align: center;\">Servicio de urgencias 24\/7<\/h4>\n<h4 style=\"text-align: center;\">Tu seguridad y la de tu familia es lo m\u00e1s importante.<\/h4>\n<h4 style=\"text-align: center;\">No pongas en riesgo tu hogar con instalaciones improvisadas o t\u00e9cnicos no calificados.<\/h4>\n<p>[\/et_pb_text][\/et_pb_column][\/et_pb_row][\/et_pb_section]<\/p>\n","protected":false},"excerpt":{"rendered":"<p>\u00bfProblemas con tu instalaci\u00f3n de gas natural? \u00a1Est\u00e1s en el lugar correcto!En JLT somos expertos en servicios de reparaci\u00f3n, instalaci\u00f3n y mantenimiento de sistemas de gas natural. Nuestro equipo est\u00e1 conformado por t\u00e9cnicos certificados, con amplia experiencia en brindar soluciones seguras, r\u00e1pidas y eficientes tanto para hogares como para negocios.\u00a1OFRECEMOS! Detecci\u00f3n y reparaci\u00f3n de fugas [&hellip;]<\/p>\n","protected":false},"author":1,"featured_media":0,"parent":0,"menu_order":0,"comment_status":"closed","ping_status":"closed","template":"","meta":{"_et_pb_use_builder":"on","_et_pb_old_content":"","_et_gb_content_width":"","footnotes":""},"class_list":["post-278","page","type-page","status-publish","hentry"],"_links":{"self":[{"href":"https:\/\/jltservices.com.co\/index.php?rest_route=\/wp\/v2\/pages\/278","targetHints":{"allow":["GET"]}}],"collection":[{"href":"https:\/\/jltservices.com.co\/index.php?rest_route=\/wp\/v2\/pages"}],"about":[{"href":"https:\/\/jltservices.com.co\/index.php?rest_route=\/wp\/v2\/types\/page"}],"author":[{"embeddable":true,"href":"https:\/\/jltservices.com.co\/index.php?rest_route=\/wp\/v2\/users\/1"}],"replies":[{"embeddable":true,"href":"https:\/\/jltservices.com.co\/index.php?rest_route=%2Fwp%2Fv2%2Fcomments&post=278"}],"version-history":[{"count":4,"href":"https:\/\/jltservices.com.co\/index.php?rest_route=\/wp\/v2\/pages\/278\/revisions"}],"predecessor-version":[{"id":417,"href":"https:\/\/jltservices.com.co\/index.php?rest_route=\/wp\/v2\/pages\/278\/revisions\/417"}],"wp:attachment":[{"href":"https:\/\/jltservices.com.co\/index.php?rest_route=%2Fwp%2Fv2%2Fmedia&parent=278"}],"curies":[{"name":"wp","href":"https:\/\/api.w.org\/{rel}","templated":true}]}}