{"id":136,"date":"2025-04-04T05:09:17","date_gmt":"2025-04-04T05:09:17","guid":{"rendered":"http:\/\/jltservice.co\/?page_id=136"},"modified":"2025-04-24T00:55:56","modified_gmt":"2025-04-24T00:55:56","slug":"remodelacion-y-pintura","status":"publish","type":"page","link":"https:\/\/jltservices.com.co\/?page_id=136","title":{"rendered":"Remodelaci\u00f3n y pintura"},"content":{"rendered":"<p>[et_pb_section fb_built=\u00bb1&#8243; _builder_version=\u00bb4.27.4&#8243; _module_preset=\u00bbdefault\u00bb background_color=\u00bb#001652&#8243; global_colors_info=\u00bb{}\u00bb da_is_popup=\u00bboff\u00bb da_exit_intent=\u00bboff\u00bb da_has_close=\u00bbon\u00bb da_alt_close=\u00bboff\u00bb da_dark_close=\u00bboff\u00bb da_not_modal=\u00bbon\u00bb da_is_singular=\u00bboff\u00bb da_with_loader=\u00bboff\u00bb da_has_shadow=\u00bbon\u00bb da_disable_devices=\u00bboff|off|off\u00bb][et_pb_row column_structure=\u00bb1_2,1_2&#8243; _builder_version=\u00bb4.27.4&#8243; _module_preset=\u00bbdefault\u00bb custom_margin=\u00bb19px|auto||auto||\u00bb global_colors_info=\u00bb{}\u00bb][et_pb_column type=\u00bb1_2&#8243; _builder_version=\u00bb4.27.4&#8243; _module_preset=\u00bbdefault\u00bb global_colors_info=\u00bb{}\u00bb][et_pb_image src=\u00bbhttp:\/\/jltservices.com.co\/wp-content\/uploads\/2025\/04\/remodelacion.png\u00bb title_text=\u00bbremodelaci\u00f3n\u00bb _builder_version=\u00bb4.27.4&#8243; _module_preset=\u00bbdefault\u00bb animation_style=\u00bbfold\u00bb hover_enabled=\u00bb0&#8243; global_colors_info=\u00bb{}\u00bb sticky_enabled=\u00bb0&#8243;][\/et_pb_image][\/et_pb_column][et_pb_column type=\u00bb1_2&#8243; _builder_version=\u00bb4.27.4&#8243; _module_preset=\u00bbdefault\u00bb global_colors_info=\u00bb{}\u00bb][et_pb_text _builder_version=\u00bb4.27.4&#8243; _module_preset=\u00bbdefault\u00bb text_font=\u00bb&#8211;et_global_body_font||||||||\u00bb header_font=\u00bb&#8211;et_global_body_font|800|||||||\u00bb header_text_color=\u00bb#b20809&#8243; header_font_size=\u00bb39px\u00bb custom_margin=\u00bb96px|||||\u00bb custom_padding=\u00bb23px|||||\u00bb animation_style=\u00bbbounce\u00bb header_font_size_tablet=\u00bb39px\u00bb header_font_size_phone=\u00bb29px\u00bb header_font_size_last_edited=\u00bbon|phone\u00bb header_text_shadow_style=\u00bbpreset4&#8243; header_text_shadow_horizontal_length=\u00bb0.09em\u00bb header_text_shadow_color=\u00bbrgba(0,0,0,0.5)\u00bb global_colors_info=\u00bb{}\u00bb]<\/p>\n<h1 style=\"text-align: center;\">\u00a1Transforma tu espacio con nuestros servicios de remodelaci\u00f3n y pintura!<\/h1>\n<p>[\/et_pb_text][et_pb_text _builder_version=\u00bb4.27.4&#8243; _module_preset=\u00bbdefault\u00bb header_4_font=\u00bb&#8211;et_global_body_font|600|||||||\u00bb header_4_text_color=\u00bb#FFFFFF\u00bb header_4_font_size=\u00bb19px\u00bb animation_style=\u00bbbounce\u00bb global_colors_info=\u00bb{}\u00bb]<\/p>\n<h4 style=\"text-align: justify;\">En JLT nos especializamos en darle un nuevo aire a tu hogar o negocio. Ya sea que necesites una remodelaci\u00f3n completa o simplemente quieras renovar tus paredes con una nueva capa de pintura, \u00a1somos tu mejor opci\u00f3n!<\/h4>\n<p>[\/et_pb_text][\/et_pb_column][\/et_pb_row][\/et_pb_section][et_pb_section fb_built=\u00bb1&#8243; prev_background_color=\u00bb#001652&#8243; _builder_version=\u00bb4.27.4&#8243; _module_preset=\u00bbdefault\u00bb background_color=\u00bb#b20809&#8243; top_divider_style=\u00bbramp2&#8243; global_colors_info=\u00bb{}\u00bb da_is_popup=\u00bboff\u00bb da_exit_intent=\u00bboff\u00bb da_has_close=\u00bbon\u00bb da_alt_close=\u00bboff\u00bb da_dark_close=\u00bboff\u00bb da_not_modal=\u00bbon\u00bb da_is_singular=\u00bboff\u00bb da_with_loader=\u00bboff\u00bb da_has_shadow=\u00bbon\u00bb da_disable_devices=\u00bboff|off|off\u00bb][et_pb_row _builder_version=\u00bb4.27.4&#8243; _module_preset=\u00bbdefault\u00bb global_colors_info=\u00bb{}\u00bb][et_pb_column type=\u00bb4_4&#8243; _builder_version=\u00bb4.27.4&#8243; _module_preset=\u00bbdefault\u00bb global_colors_info=\u00bb{}\u00bb][et_pb_text _builder_version=\u00bb4.27.4&#8243; _module_preset=\u00bbdefault\u00bb text_font=\u00bb&#8211;et_global_body_font||||||||\u00bb header_font=\u00bb&#8211;et_global_body_font|800|||||||\u00bb header_text_color=\u00bb#FFFFFF\u00bb header_font_size=\u00bb39px\u00bb custom_margin=\u00bb11px|||||\u00bb custom_padding=\u00bb23px|||||\u00bb animation_style=\u00bbbounce\u00bb header_text_shadow_style=\u00bbpreset4&#8243; header_text_shadow_horizontal_length=\u00bb0.09em\u00bb header_text_shadow_color=\u00bbrgba(0,0,0,0.5)\u00bb global_colors_info=\u00bb{}\u00bb]<\/p>\n<h1 style=\"text-align: center;\">\u00a1Ofrecemos!<\/h1>\n<p>[\/et_pb_text][\/et_pb_column][\/et_pb_row][et_pb_row column_structure=\u00bb1_2,1_2&#8243; _builder_version=\u00bb4.27.4&#8243; _module_preset=\u00bbdefault\u00bb custom_margin=\u00bb17px|auto||auto||\u00bb global_colors_info=\u00bb{}\u00bb][et_pb_column type=\u00bb1_2&#8243; _builder_version=\u00bb4.27.4&#8243; _module_preset=\u00bbdefault\u00bb global_colors_info=\u00bb{}\u00bb][et_pb_image src=\u00bbhttp:\/\/jltservices.com.co\/wp-content\/uploads\/2025\/04\/pintura-ofrecemos.png\u00bb title_text=\u00bbpintura ofrecemos\u00bb align=\u00bbright\u00bb _builder_version=\u00bb4.27.4&#8243; _module_preset=\u00bbdefault\u00bb custom_margin=\u00bb-23px|-51px||||\u00bb animation_style=\u00bbfade\u00bb global_colors_info=\u00bb{}\u00bb][\/et_pb_image][\/et_pb_column][et_pb_column type=\u00bb1_2&#8243; _builder_version=\u00bb4.27.4&#8243; _module_preset=\u00bbdefault\u00bb global_colors_info=\u00bb{}\u00bb][et_pb_cta button_text=\u00bbClics\u00bb _builder_version=\u00bb4.27.4&#8243; _module_preset=\u00bbdefault\u00bb body_font=\u00bb&#8211;et_global_body_font|600|||||||\u00bb body_text_color=\u00bb#001652&#8243; body_font_size=\u00bb17px\u00bb body_line_height=\u00bb1em\u00bb background_color=\u00bb#FFFFFF\u00bb custom_margin=\u00bb58px|-7px||11px||\u00bb custom_padding=\u00bb|0px|0px|65px||\u00bb animation_style=\u00bbbounce\u00bb body_font_size_tablet=\u00bb17px\u00bb body_font_size_phone=\u00bb12px\u00bb body_font_size_last_edited=\u00bbon|phone\u00bb background_last_edited=\u00bbon|desktop\u00bb border_radii=\u00bbon|34px|34px|34px|34px\u00bb locked=\u00bboff\u00bb global_colors_info=\u00bb{}\u00bb background__hover_enabled=\u00bbon|hover\u00bb background_color__hover=\u00bb#dddddd\u00bb background_enable_color__hover=\u00bbon\u00bb]<\/p>\n<ul>\n<li style=\"text-align: justify;\">Remodelaci\u00f3n de interiores y exteriores<\/li>\n<li style=\"text-align: justify;\">Pintura decorativa y tradicional<\/li>\n<li style=\"text-align: justify;\">Renovaci\u00f3n de cocinas y ba\u00f1os<\/li>\n<li style=\"text-align: justify;\">Instalaci\u00f3n de pisos y revestimientos<\/li>\n<li style=\"text-align: justify;\">Reformas de espacios comerciales<\/li>\n<li style=\"text-align: justify;\">Dise\u00f1o y asesor\u00eda en decoraci\u00f3n<\/li>\n<\/ul>\n<p>[\/et_pb_cta][\/et_pb_column][\/et_pb_row][\/et_pb_section][et_pb_section fb_built=\u00bb1&#8243; prev_background_color=\u00bb#b20809&#8243; _builder_version=\u00bb4.27.4&#8243; _module_preset=\u00bbdefault\u00bb background_color=\u00bbrgba(0,22,82,0.37)\u00bb background_enable_mask_style=\u00bbon\u00bb custom_padding=\u00bb26px|||||\u00bb top_divider_style=\u00bbcurve\u00bb global_colors_info=\u00bb{}\u00bb da_is_popup=\u00bboff\u00bb da_exit_intent=\u00bboff\u00bb da_has_close=\u00bbon\u00bb da_alt_close=\u00bboff\u00bb da_dark_close=\u00bboff\u00bb da_not_modal=\u00bbon\u00bb da_is_singular=\u00bboff\u00bb da_with_loader=\u00bboff\u00bb da_has_shadow=\u00bbon\u00bb da_disable_devices=\u00bboff|off|off\u00bb][et_pb_row _builder_version=\u00bb4.27.4&#8243; _module_preset=\u00bbdefault\u00bb custom_margin=\u00bb-32px|auto||auto||\u00bb locked=\u00bboff\u00bb global_colors_info=\u00bb{}\u00bb][et_pb_column type=\u00bb4_4&#8243; _builder_version=\u00bb4.27.4&#8243; _module_preset=\u00bbdefault\u00bb global_colors_info=\u00bb{}\u00bb][et_pb_text _builder_version=\u00bb4.27.4&#8243; _module_preset=\u00bbdefault\u00bb header_font=\u00bb&#8211;et_global_body_font|900|||||||\u00bb header_text_align=\u00bbcenter\u00bb header_text_color=\u00bb#FFFFFF\u00bb header_font_size=\u00bb45px\u00bb header_line_height=\u00bb1.2em\u00bb custom_margin=\u00bb-3px|||||\u00bb custom_margin_tablet=\u00bb-3px|||||\u00bb custom_margin_phone=\u00bb-77px||||false|false\u00bb custom_margin_last_edited=\u00bbon|phone\u00bb custom_padding=\u00bb0px|||||\u00bb header_text_shadow_style=\u00bbpreset1&#8243; global_colors_info=\u00bb{}\u00bb]<\/p>\n<h1>\u00bfPOR QUE ELEGIRNOS?<\/h1>\n<p>[\/et_pb_text][\/et_pb_column][\/et_pb_row][et_pb_row column_structure=\u00bb1_2,1_2&#8243; _builder_version=\u00bb4.27.4&#8243; _module_preset=\u00bbdefault\u00bb locked=\u00bboff\u00bb global_colors_info=\u00bb{}\u00bb][et_pb_column type=\u00bb1_2&#8243; _builder_version=\u00bb4.27.4&#8243; _module_preset=\u00bbdefault\u00bb link_option_url=\u00bbhttps:\/\/wa.link\/v7qzkf\u00bb link_option_url_new_window=\u00bbon\u00bb global_colors_info=\u00bb{}\u00bb][et_pb_slider _builder_version=\u00bb4.27.4&#8243; _module_preset=\u00bbdefault\u00bb animation_style=\u00bbfold\u00bb link_option_url=\u00bbhttps:\/\/wa.link\/v7qzkf\u00bb link_option_url_new_window=\u00bbon\u00bb border_radii=\u00bbon|20px|20px|20px|20px\u00bb global_colors_info=\u00bb{}\u00bb][et_pb_slide heading=\u00bbCalidad y Profesionalismo\u00bb button_text=\u00bbCont\u00e1ctanos \u00bb button_link=\u00bbhttps:\/\/wa.link\/v7qzkf\u00bb url_new_window=\u00bbon\u00bb use_bg_overlay=\u00bbon\u00bb bg_overlay_color=\u00bb#001652&#8243; _builder_version=\u00bb4.27.4&#8243; _module_preset=\u00bbdefault\u00bb custom_button=\u00bbon\u00bb button_text_color=\u00bb#FFFFFF\u00bb button_bg_color=\u00bb#b20809&#8243; button_border_color=\u00bb#E02B20&#8243; button_icon=\u00bb&#x30;||divi||400&#8243; button_icon_color=\u00bb#FFFFFF\u00bb link_option_url=\u00bbhttps:\/\/wa.link\/v7qzkf\u00bb link_option_url_new_window=\u00bbon\u00bb global_colors_info=\u00bb{}\u00bb button_bg_color__hover_enabled=\u00bbon|hover\u00bb button_bg_color__hover=\u00bb#b24747&#8243; button_bg_enable_color__hover=\u00bbon\u00bb sticky_transition=\u00bbon\u00bb]<\/p>\n<p>Cada proyecto es llevado a cabo por expertos en remodelaci\u00f3n y pintura.<\/p>\n<p>[\/et_pb_slide][et_pb_slide heading=\u00bb Dise\u00f1os Personalizados\u00bb button_text=\u00bbCont\u00e1ctanos \u00bb use_bg_overlay=\u00bbon\u00bb bg_overlay_color=\u00bb#001652&#8243; _builder_version=\u00bb4.27.4&#8243; _module_preset=\u00bbdefault\u00bb custom_button=\u00bbon\u00bb button_text_color=\u00bb#FFFFFF\u00bb button_bg_color=\u00bb#b20809&#8243; button_border_color=\u00bb#E02B20&#8243; button_icon=\u00bb&#x30;||divi||400&#8243; button_icon_color=\u00bb#FFFFFF\u00bb global_colors_info=\u00bb{}\u00bb button_bg_color__hover_enabled=\u00bbon|hover\u00bb button_bg_color__hover=\u00bb#b24747&#8243; button_bg_enable_color__hover=\u00bbon\u00bb sticky_transition=\u00bbon\u00bb]<\/p>\n<p>Te ayudamos a darle el estilo que siempre has so\u00f1ado, con atenci\u00f3n a los detalles.<\/p>\n<p>[\/et_pb_slide][\/et_pb_slider][\/et_pb_column][et_pb_column type=\u00bb1_2&#8243; _builder_version=\u00bb4.27.4&#8243; _module_preset=\u00bbdefault\u00bb link_option_url=\u00bbhttps:\/\/wa.link\/v7qzkf\u00bb link_option_url_new_window=\u00bbon\u00bb global_colors_info=\u00bb{}\u00bb][et_pb_slider _builder_version=\u00bb4.27.4&#8243; _module_preset=\u00bbdefault\u00bb animation_style=\u00bbfold\u00bb border_radii=\u00bbon|20px|20px|20px|20px\u00bb global_colors_info=\u00bb{}\u00bb][et_pb_slide heading=\u00bbMateriales de Primera\u00bb button_text=\u00bbCont\u00e1ctanos \u00bb button_link=\u00bbhttps:\/\/wa.link\/v7qzkf\u00bb url_new_window=\u00bbon\u00bb use_bg_overlay=\u00bbon\u00bb bg_overlay_color=\u00bb#001652&#8243; _builder_version=\u00bb4.27.4&#8243; _module_preset=\u00bbdefault\u00bb custom_button=\u00bbon\u00bb button_text_color=\u00bb#FFFFFF\u00bb button_bg_color=\u00bb#b20809&#8243; button_border_color=\u00bb#E02B20&#8243; button_icon=\u00bb&#x30;||divi||400&#8243; button_icon_color=\u00bb#FFFFFF\u00bb global_colors_info=\u00bb{}\u00bb button_bg_color__hover_enabled=\u00bbon|hover\u00bb button_bg_color__hover=\u00bb#b24747&#8243; button_bg_enable_color__hover=\u00bbon\u00bb sticky_transition=\u00bbon\u00bb]<\/p>\n<p>Utilizamos solo los mejores productos para garantizar resultados duraderos.<\/p>\n<p>[\/et_pb_slide][et_pb_slide heading=\u00bbTrabajo Limpio y Organizado\u00bb button_text=\u00bbCont\u00e1ctanos \u00bb button_link=\u00bbhttps:\/\/wa.link\/v7qzkf\u00bb url_new_window=\u00bbon\u00bb use_bg_overlay=\u00bbon\u00bb bg_overlay_color=\u00bb#001652&#8243; _builder_version=\u00bb4.27.4&#8243; _module_preset=\u00bbdefault\u00bb custom_button=\u00bbon\u00bb button_text_color=\u00bb#FFFFFF\u00bb button_bg_color=\u00bb#b20809&#8243; button_border_color=\u00bb#E02B20&#8243; button_icon=\u00bb&#x30;||divi||400&#8243; button_icon_color=\u00bb#FFFFFF\u00bb global_colors_info=\u00bb{}\u00bb button_bg_color__hover_enabled=\u00bbon|hover\u00bb button_bg_color__hover=\u00bb#b24747&#8243; button_bg_enable_color__hover=\u00bbon\u00bb sticky_transition=\u00bbon\u00bb]<\/p>\n<h4>\u00a0Nos aseguramos de que tu hogar o negocio quede impecable al finalizar.<\/h4>\n<p>[\/et_pb_slide][et_pb_slide heading=\u00bbPrecios Competitivos\u00bb button_text=\u00bbCont\u00e1ctanos \u00bb button_link=\u00bbhttps:\/\/wa.link\/v7qzkf\u00bb url_new_window=\u00bbon\u00bb use_bg_overlay=\u00bbon\u00bb bg_overlay_color=\u00bb#001652&#8243; _builder_version=\u00bb4.27.4&#8243; _module_preset=\u00bbdefault\u00bb custom_button=\u00bbon\u00bb button_text_color=\u00bb#FFFFFF\u00bb button_bg_color=\u00bb#b20809&#8243; button_border_color=\u00bb#E02B20&#8243; button_icon=\u00bb&#x30;||divi||400&#8243; button_icon_color=\u00bb#FFFFFF\u00bb global_colors_info=\u00bb{}\u00bb button_bg_color__hover_enabled=\u00bbon|hover\u00bb button_bg_color__hover=\u00bb#b24747&#8243; button_bg_enable_color__hover=\u00bbon\u00bb sticky_transition=\u00bbon\u00bb]<\/p>\n<h4>Trabajamos dentro de tu presupuesto, sin sacrificar la calidad.<\/h4>\n<p>[\/et_pb_slide][\/et_pb_slider][\/et_pb_column][\/et_pb_row][et_pb_row _builder_version=\u00bb4.27.4&#8243; _module_preset=\u00bbdefault\u00bb locked=\u00bboff\u00bb global_colors_info=\u00bb{}\u00bb][et_pb_column type=\u00bb4_4&#8243; _builder_version=\u00bb4.27.4&#8243; _module_preset=\u00bbdefault\u00bb global_colors_info=\u00bb{}\u00bb][et_pb_text _builder_version=\u00bb4.27.4&#8243; _module_preset=\u00bbdefault\u00bb text_font=\u00bb&#8211;et_global_body_font|600|||||||\u00bb text_text_color=\u00bb#E02B20&#8243; header_4_font=\u00bb&#8211;et_global_body_font|600|||||||\u00bb header_4_text_color=\u00bb#000000&#8243; global_colors_info=\u00bb{}\u00bb]<\/p>\n<h4 style=\"text-align: center;\">\u00a1Cont\u00e1ctanos hoy y solicita tu presupuesto sin compromiso!<\/h4>\n<p>[\/et_pb_text][\/et_pb_column][\/et_pb_row][\/et_pb_section]<\/p>\n","protected":false},"excerpt":{"rendered":"<p>\u00a1Transforma tu espacio con nuestros servicios de remodelaci\u00f3n y pintura!En JLT nos especializamos en darle un nuevo aire a tu hogar o negocio. Ya sea que necesites una remodelaci\u00f3n completa o simplemente quieras renovar tus paredes con una nueva capa de pintura, \u00a1somos tu mejor opci\u00f3n!\u00a1Ofrecemos! Remodelaci\u00f3n de interiores y exteriores Pintura decorativa y tradicional [&hellip;]<\/p>\n","protected":false},"author":1,"featured_media":0,"parent":0,"menu_order":0,"comment_status":"closed","ping_status":"closed","template":"","meta":{"_et_pb_use_builder":"on","_et_pb_old_content":"","_et_gb_content_width":"","footnotes":""},"class_list":["post-136","page","type-page","status-publish","hentry"],"_links":{"self":[{"href":"https:\/\/jltservices.com.co\/index.php?rest_route=\/wp\/v2\/pages\/136","targetHints":{"allow":["GET"]}}],"collection":[{"href":"https:\/\/jltservices.com.co\/index.php?rest_route=\/wp\/v2\/pages"}],"about":[{"href":"https:\/\/jltservices.com.co\/index.php?rest_route=\/wp\/v2\/types\/page"}],"author":[{"embeddable":true,"href":"https:\/\/jltservices.com.co\/index.php?rest_route=\/wp\/v2\/users\/1"}],"replies":[{"embeddable":true,"href":"https:\/\/jltservices.com.co\/index.php?rest_route=%2Fwp%2Fv2%2Fcomments&post=136"}],"version-history":[{"count":10,"href":"https:\/\/jltservices.com.co\/index.php?rest_route=\/wp\/v2\/pages\/136\/revisions"}],"predecessor-version":[{"id":396,"href":"https:\/\/jltservices.com.co\/index.php?rest_route=\/wp\/v2\/pages\/136\/revisions\/396"}],"wp:attachment":[{"href":"https:\/\/jltservices.com.co\/index.php?rest_route=%2Fwp%2Fv2%2Fmedia&parent=136"}],"curies":[{"name":"wp","href":"https:\/\/api.w.org\/{rel}","templated":true}]}}