{"id":135,"date":"2025-04-04T05:09:17","date_gmt":"2025-04-04T05:09:17","guid":{"rendered":"http:\/\/jltservice.co\/?page_id=135"},"modified":"2025-04-24T01:51:36","modified_gmt":"2025-04-24T01:51:36","slug":"electricidad","status":"publish","type":"page","link":"https:\/\/jltservices.com.co\/?page_id=135","title":{"rendered":"Electricidad"},"content":{"rendered":"<p>[et_pb_section fb_built=\u00bb1&#8243; _builder_version=\u00bb4.27.4&#8243; _module_preset=\u00bbdefault\u00bb background_color=\u00bb#001652&#8243; global_colors_info=\u00bb{}\u00bb da_is_popup=\u00bboff\u00bb da_exit_intent=\u00bboff\u00bb da_has_close=\u00bbon\u00bb da_alt_close=\u00bboff\u00bb da_dark_close=\u00bboff\u00bb da_not_modal=\u00bbon\u00bb da_is_singular=\u00bboff\u00bb da_with_loader=\u00bboff\u00bb da_has_shadow=\u00bbon\u00bb da_disable_devices=\u00bboff|off|off\u00bb][et_pb_row column_structure=\u00bb1_2,1_2&#8243; _builder_version=\u00bb4.27.4&#8243; _module_preset=\u00bbdefault\u00bb global_colors_info=\u00bb{}\u00bb][et_pb_column type=\u00bb1_2&#8243; _builder_version=\u00bb4.27.4&#8243; _module_preset=\u00bbdefault\u00bb global_colors_info=\u00bb{}\u00bb][et_pb_image src=\u00bbhttp:\/\/jltservices.com.co\/wp-content\/uploads\/2025\/04\/electrcidadd.png\u00bb title_text=\u00bbelectrcidadd\u00bb align=\u00bbcenter\u00bb _builder_version=\u00bb4.27.4&#8243; _module_preset=\u00bbdefault\u00bb width=\u00bb81%\u00bb hover_enabled=\u00bb0&#8243; global_colors_info=\u00bb{}\u00bb sticky_enabled=\u00bb0&#8243;][\/et_pb_image][\/et_pb_column][et_pb_column type=\u00bb1_2&#8243; _builder_version=\u00bb4.27.4&#8243; _module_preset=\u00bbdefault\u00bb global_colors_info=\u00bb{}\u00bb][et_pb_text _builder_version=\u00bb4.27.4&#8243; _module_preset=\u00bbdefault\u00bb header_font=\u00bb&#8211;et_global_body_font|900|||||||\u00bb header_text_align=\u00bbcenter\u00bb header_text_color=\u00bb#b20809&#8243; header_font_size=\u00bb45px\u00bb header_line_height=\u00bb1.2em\u00bb custom_margin=\u00bb36px|||||\u00bb custom_padding=\u00bb0px|||||\u00bb header_font_size_tablet=\u00bb45px\u00bb header_font_size_phone=\u00bb35px\u00bb header_font_size_last_edited=\u00bbon|phone\u00bb header_text_shadow_style=\u00bbpreset1&#8243; global_colors_info=\u00bb{}\u00bb]<\/p>\n<h1>\u00a1Tu soluci\u00f3n el\u00e9ctrica est\u00e1 a un clic de distancia!<\/h1>\n<p>[\/et_pb_text][et_pb_text _builder_version=\u00bb4.27.4&#8243; _module_preset=\u00bbdefault\u00bb text_font=\u00bb&#8211;et_global_body_font||||||||\u00bb header_4_font=\u00bb&#8211;et_global_body_font|600|||||||\u00bb header_4_text_align=\u00bbjustify\u00bb header_4_text_color=\u00bb#FFFFFF\u00bb header_4_font_size=\u00bb20px\u00bb header_4_line_height=\u00bb1.1em\u00bb global_colors_info=\u00bb{}\u00bb]<\/p>\n<h4>En JTL nos especializamos en brindar servicios de electricidad de alta calidad para hogares y negocios. Con m\u00e1s de (5) a\u00f1os de experiencia, nuestro equipo de profesionales est\u00e1 listo para resolver cualquier necesidad el\u00e9ctrica que tengas, desde instalaciones y reparaciones hasta mantenimiento preventivo.<\/h4>\n<p>[\/et_pb_text][\/et_pb_column][\/et_pb_row][\/et_pb_section][et_pb_section fb_built=\u00bb1&#8243; _builder_version=\u00bb4.27.4&#8243; _module_preset=\u00bbdefault\u00bb background_color=\u00bb#001652&#8243; min_height=\u00bb623.9px\u00bb custom_padding=\u00bb66px||0px|||\u00bb top_divider_style=\u00bbslant2&#8243; top_divider_color=\u00bb#E02B20&#8243; global_colors_info=\u00bb{}\u00bb da_is_popup=\u00bboff\u00bb da_exit_intent=\u00bboff\u00bb da_has_close=\u00bbon\u00bb da_alt_close=\u00bboff\u00bb da_dark_close=\u00bboff\u00bb da_not_modal=\u00bbon\u00bb da_is_singular=\u00bboff\u00bb da_with_loader=\u00bboff\u00bb da_has_shadow=\u00bbon\u00bb da_disable_devices=\u00bboff|off|off\u00bb][et_pb_row _builder_version=\u00bb4.27.4&#8243; _module_preset=\u00bbdefault\u00bb custom_margin=\u00bb-39px|auto||auto||\u00bb custom_padding=\u00bb0px|||||\u00bb global_colors_info=\u00bb{}\u00bb][et_pb_column type=\u00bb4_4&#8243; _builder_version=\u00bb4.27.4&#8243; _module_preset=\u00bbdefault\u00bb global_colors_info=\u00bb{}\u00bb][et_pb_text _builder_version=\u00bb4.27.4&#8243; _module_preset=\u00bbdefault\u00bb header_font=\u00bb&#8211;et_global_body_font|900|||||||\u00bb header_text_align=\u00bbcenter\u00bb header_text_color=\u00bb#b20809&#8243; header_font_size=\u00bb45px\u00bb header_line_height=\u00bb1.2em\u00bb custom_margin=\u00bb36px|||||\u00bb custom_padding=\u00bb0px|||||\u00bb header_text_shadow_style=\u00bbpreset1&#8243; global_colors_info=\u00bb{}\u00bb]<\/p>\n<h1>\u00a1OFRECEMOS!<\/h1>\n<p>[\/et_pb_text][\/et_pb_column][\/et_pb_row][et_pb_row column_structure=\u00bb1_2,1_2&#8243; _builder_version=\u00bb4.27.4&#8243; _module_preset=\u00bbdefault\u00bb custom_margin=\u00bb|126px||auto||\u00bb global_colors_info=\u00bb{}\u00bb][et_pb_column type=\u00bb1_2&#8243; _builder_version=\u00bb4.27.4&#8243; _module_preset=\u00bbdefault\u00bb global_colors_info=\u00bb{}\u00bb][et_pb_cta button_text=\u00bbClics\u00bb _builder_version=\u00bb4.27.4&#8243; _module_preset=\u00bbdefault\u00bb body_font=\u00bb&#8211;et_global_body_font|600|||||||\u00bb body_text_color=\u00bb#E02B20&#8243; body_font_size=\u00bb17px\u00bb body_line_height=\u00bb1em\u00bb background_color=\u00bb#FFFFFF\u00bb custom_margin=\u00bb-3px|-7px||11px||\u00bb custom_padding=\u00bb|0px|0px|65px||\u00bb animation_style=\u00bbfold\u00bb body_font_size_tablet=\u00bb17px\u00bb body_font_size_phone=\u00bb11px\u00bb body_font_size_last_edited=\u00bbon|phone\u00bb background_last_edited=\u00bbon|desktop\u00bb border_radii=\u00bbon|34px|34px|34px|34px\u00bb global_colors_info=\u00bb{}\u00bb background__hover_enabled=\u00bbon|hover\u00bb background_color__hover=\u00bb#dddddd\u00bb background_enable_color__hover=\u00bbon\u00bb]<\/p>\n<ul>\n<li style=\"text-align: justify;\">Instalaciones el\u00e9ctricas seguras y confiables<\/li>\n<li style=\"text-align: justify;\">Reparaci\u00f3n de fallas el\u00e9ctricas<\/li>\n<li style=\"text-align: justify;\">Mantenimiento de sistemas el\u00e9ctricos<\/li>\n<li style=\"text-align: justify;\">Certificaci\u00f3n de instalaciones<\/li>\n<li style=\"text-align: justify;\">Asesoramiento personalizado<\/li>\n<\/ul>\n<p>[\/et_pb_cta][\/et_pb_column][et_pb_column type=\u00bb1_2&#8243; _builder_version=\u00bb4.27.4&#8243; _module_preset=\u00bbdefault\u00bb global_colors_info=\u00bb{}\u00bb][et_pb_image src=\u00bbhttp:\/\/jltservice.co\/wp-content\/uploads\/2025\/04\/ofrecemos.png\u00bb title_text=\u00bbofrecemos\u00bb _builder_version=\u00bb4.27.4&#8243; _module_preset=\u00bbdefault\u00bb width=\u00bb85%\u00bb custom_margin=\u00bb-33px|-330px||||\u00bb custom_padding=\u00bb0px|0px|0px|||\u00bb animation_style=\u00bbfade\u00bb global_colors_info=\u00bb{}\u00bb][\/et_pb_image][\/et_pb_column][\/et_pb_row][\/et_pb_section][et_pb_section fb_built=\u00bb1&#8243; prev_background_color=\u00bb#001652&#8243; _builder_version=\u00bb4.27.4&#8243; _module_preset=\u00bbdefault\u00bb background_color=\u00bbrgba(178,0,0,0.13)\u00bb background_enable_mask_style=\u00bbon\u00bb background_mask_style=\u00bbdiagonal-pills\u00bb background_mask_aspect_ratio=\u00bbsquare\u00bb top_divider_style=\u00bbramp2&#8243; global_colors_info=\u00bb{}\u00bb da_is_popup=\u00bboff\u00bb da_exit_intent=\u00bboff\u00bb da_has_close=\u00bbon\u00bb da_alt_close=\u00bboff\u00bb da_dark_close=\u00bboff\u00bb da_not_modal=\u00bbon\u00bb da_is_singular=\u00bboff\u00bb da_with_loader=\u00bboff\u00bb da_has_shadow=\u00bbon\u00bb da_disable_devices=\u00bboff|off|off\u00bb][et_pb_row _builder_version=\u00bb4.27.4&#8243; _module_preset=\u00bbdefault\u00bb global_colors_info=\u00bb{}\u00bb][et_pb_column type=\u00bb4_4&#8243; _builder_version=\u00bb4.27.4&#8243; _module_preset=\u00bbdefault\u00bb global_colors_info=\u00bb{}\u00bb][et_pb_text _builder_version=\u00bb4.27.4&#8243; _module_preset=\u00bbdefault\u00bb header_font=\u00bb&#8211;et_global_body_font|900|||||||\u00bb header_text_align=\u00bbcenter\u00bb header_text_color=\u00bb#b20809&#8243; header_font_size=\u00bb45px\u00bb header_line_height=\u00bb1.2em\u00bb custom_margin=\u00bb36px|||||\u00bb custom_padding=\u00bb0px|||||\u00bb header_text_shadow_style=\u00bbpreset1&#8243; global_colors_info=\u00bb{}\u00bb]<\/p>\n<h1>\u00bfPOR QUE ELEGIRNOS?<\/h1>\n<p>[\/et_pb_text][\/et_pb_column][\/et_pb_row][et_pb_row column_structure=\u00bb1_2,1_2&#8243; _builder_version=\u00bb4.27.4&#8243; _module_preset=\u00bbdefault\u00bb global_colors_info=\u00bb{}\u00bb][et_pb_column type=\u00bb1_2&#8243; _builder_version=\u00bb4.27.4&#8243; _module_preset=\u00bbdefault\u00bb global_colors_info=\u00bb{}\u00bb][et_pb_slider _builder_version=\u00bb4.27.4&#8243; _module_preset=\u00bbdefault\u00bb animation_style=\u00bbfold\u00bb border_radii=\u00bbon|20px|20px|20px|20px\u00bb global_colors_info=\u00bb{}\u00bb][et_pb_slide heading=\u00bbExperiencia y Profesionalismo\u00bb button_text=\u00bbCont\u00e1ctanos \u00bb button_link=\u00bbhttps:\/\/wa.link\/v7qzkf\u00bb url_new_window=\u00bbon\u00bb use_bg_overlay=\u00bbon\u00bb bg_overlay_color=\u00bb#001652&#8243; _builder_version=\u00bb4.27.4&#8243; _module_preset=\u00bbdefault\u00bb custom_button=\u00bbon\u00bb button_text_color=\u00bb#FFFFFF\u00bb button_bg_color=\u00bb#b20809&#8243; button_border_color=\u00bb#E02B20&#8243; button_icon=\u00bb&#x30;||divi||400&#8243; button_icon_color=\u00bb#FFFFFF\u00bb link_option_url=\u00bbhttps:\/\/wa.link\/v7qzkf\u00bb link_option_url_new_window=\u00bbon\u00bb global_colors_info=\u00bb{}\u00bb button_bg_color__hover_enabled=\u00bbon|hover\u00bb button_bg_color__hover=\u00bb#b24747&#8243; button_bg_enable_color__hover=\u00bbon\u00bb sticky_transition=\u00bbon\u00bb]<\/p>\n<p>Nuestro equipo est\u00e1 compuesto por electricistas certificados y con amplia experiencia, para dar pronta soluci\u00f3n.<\/p>\n<p>[\/et_pb_slide][et_pb_slide heading=\u00bb Compromiso con la Seguridad\u00bb button_text=\u00bbCont\u00e1ctanos \u00bb button_link=\u00bbhttps:\/\/wa.link\/v7qzkf\u00bb url_new_window=\u00bbon\u00bb use_bg_overlay=\u00bbon\u00bb bg_overlay_color=\u00bb#001652&#8243; _builder_version=\u00bb4.27.4&#8243; _module_preset=\u00bbdefault\u00bb custom_button=\u00bbon\u00bb button_text_color=\u00bb#FFFFFF\u00bb button_bg_color=\u00bb#b20809&#8243; button_border_color=\u00bb#E02B20&#8243; button_icon=\u00bb&#x30;||divi||400&#8243; button_icon_color=\u00bb#FFFFFF\u00bb link_option_url=\u00bbhttps:\/\/wa.link\/v7qzkf\u00bb link_option_url_new_window=\u00bbon\u00bb global_colors_info=\u00bb{}\u00bb button_bg_color__hover_enabled=\u00bbon|hover\u00bb button_bg_color__hover=\u00bb#b24747&#8243; button_bg_enable_color__hover=\u00bbon\u00bb sticky_transition=\u00bbon\u00bb]<\/p>\n<p>\u00a0Garantizamos que todos nuestros trabajos cumplen con las normativas de seguridad.<\/p>\n<p>[\/et_pb_slide][\/et_pb_slider][\/et_pb_column][et_pb_column type=\u00bb1_2&#8243; _builder_version=\u00bb4.27.4&#8243; _module_preset=\u00bbdefault\u00bb global_colors_info=\u00bb{}\u00bb][et_pb_slider _builder_version=\u00bb4.27.4&#8243; _module_preset=\u00bbdefault\u00bb animation_style=\u00bbfold\u00bb link_option_url=\u00bbhttps:\/\/wa.link\/v7qzkf\u00bb link_option_url_new_window=\u00bbon\u00bb border_radii=\u00bbon|20px|20px|20px|20px\u00bb global_colors_info=\u00bb{}\u00bb][et_pb_slide heading=\u00bbPrecios Justos\u00bb button_text=\u00bbCont\u00e1ctanos \u00bb button_link=\u00bbhttps:\/\/wa.link\/v7qzkf\u00bb url_new_window=\u00bbon\u00bb use_bg_overlay=\u00bbon\u00bb bg_overlay_color=\u00bb#001652&#8243; _builder_version=\u00bb4.27.4&#8243; _module_preset=\u00bbdefault\u00bb custom_button=\u00bbon\u00bb button_text_color=\u00bb#FFFFFF\u00bb button_bg_color=\u00bb#b20809&#8243; button_border_color=\u00bb#E02B20&#8243; button_icon=\u00bb&#x30;||divi||400&#8243; button_icon_color=\u00bb#FFFFFF\u00bb link_option_url=\u00bbhttps:\/\/wa.link\/v7qzkf\u00bb link_option_url_new_window=\u00bbon\u00bb global_colors_info=\u00bb{}\u00bb button_bg_color__hover_enabled=\u00bbon|hover\u00bb button_bg_color__hover=\u00bb#b24747&#8243; button_bg_enable_color__hover=\u00bbon\u00bb sticky_transition=\u00bbon\u00bb]<\/p>\n<p>Ofrecemos tarifas competitivas sin comprometer la calidad.<\/p>\n<p>[\/et_pb_slide][et_pb_slide heading=\u00bbAtenci\u00f3n R\u00e1pida y Eficaz\u00bb button_text=\u00bbCont\u00e1ctanos \u00bb button_link=\u00bbhttps:\/\/wa.link\/v7qzkf\u00bb url_new_window=\u00bbon\u00bb use_bg_overlay=\u00bbon\u00bb bg_overlay_color=\u00bb#001652&#8243; _builder_version=\u00bb4.27.4&#8243; _module_preset=\u00bbdefault\u00bb custom_button=\u00bbon\u00bb button_text_color=\u00bb#FFFFFF\u00bb button_bg_color=\u00bb#b20809&#8243; button_border_color=\u00bb#E02B20&#8243; button_icon=\u00bb&#x30;||divi||400&#8243; button_icon_color=\u00bb#FFFFFF\u00bb link_option_url=\u00bbhttps:\/\/wa.link\/v7qzkf\u00bb link_option_url_new_window=\u00bbon\u00bb global_colors_info=\u00bb{}\u00bb button_bg_color__hover_enabled=\u00bbon|hover\u00bb button_bg_color__hover=\u00bb#b24747&#8243; button_bg_enable_color__hover=\u00bbon\u00bb sticky_transition=\u00bbon\u00bb]<\/p>\n<h4><span style=\"font-size: medium;\">Sabemos la importancia de tener un servicio el\u00e9ctrico seguro por eso respondemos de inmediato.<\/span><\/h4>\n<p>[\/et_pb_slide][\/et_pb_slider][\/et_pb_column][\/et_pb_row][et_pb_row _builder_version=\u00bb4.27.4&#8243; _module_preset=\u00bbdefault\u00bb global_colors_info=\u00bb{}\u00bb][et_pb_column type=\u00bb4_4&#8243; _builder_version=\u00bb4.27.4&#8243; _module_preset=\u00bbdefault\u00bb global_colors_info=\u00bb{}\u00bb][et_pb_text _builder_version=\u00bb4.27.4&#8243; _module_preset=\u00bbdefault\u00bb text_font=\u00bb&#8211;et_global_body_font|600|||||||\u00bb text_text_color=\u00bb#E02B20&#8243; header_4_font=\u00bb&#8211;et_global_body_font|600|||||||\u00bb header_4_text_color=\u00bb#000000&#8243; global_colors_info=\u00bb{}\u00bb]<\/p>\n<h4 style=\"text-align: center;\">\u00a1Cont\u00e1ctanos hoy y solicita tu presupuesto sin compromiso!<\/h4>\n<p>[\/et_pb_text][\/et_pb_column][\/et_pb_row][\/et_pb_section]<\/p>\n","protected":false},"excerpt":{"rendered":"<p>\u00a1Tu soluci\u00f3n el\u00e9ctrica est\u00e1 a un clic de distancia!En JTL nos especializamos en brindar servicios de electricidad de alta calidad para hogares y negocios. Con m\u00e1s de (5) a\u00f1os de experiencia, nuestro equipo de profesionales est\u00e1 listo para resolver cualquier necesidad el\u00e9ctrica que tengas, desde instalaciones y reparaciones hasta mantenimiento preventivo.\u00a1OFRECEMOS! Instalaciones el\u00e9ctricas seguras y [&hellip;]<\/p>\n","protected":false},"author":1,"featured_media":0,"parent":0,"menu_order":0,"comment_status":"closed","ping_status":"closed","template":"","meta":{"_et_pb_use_builder":"on","_et_pb_old_content":"","_et_gb_content_width":"","footnotes":""},"class_list":["post-135","page","type-page","status-publish","hentry"],"_links":{"self":[{"href":"https:\/\/jltservices.com.co\/index.php?rest_route=\/wp\/v2\/pages\/135","targetHints":{"allow":["GET"]}}],"collection":[{"href":"https:\/\/jltservices.com.co\/index.php?rest_route=\/wp\/v2\/pages"}],"about":[{"href":"https:\/\/jltservices.com.co\/index.php?rest_route=\/wp\/v2\/types\/page"}],"author":[{"embeddable":true,"href":"https:\/\/jltservices.com.co\/index.php?rest_route=\/wp\/v2\/users\/1"}],"replies":[{"embeddable":true,"href":"https:\/\/jltservices.com.co\/index.php?rest_route=%2Fwp%2Fv2%2Fcomments&post=135"}],"version-history":[{"count":7,"href":"https:\/\/jltservices.com.co\/index.php?rest_route=\/wp\/v2\/pages\/135\/revisions"}],"predecessor-version":[{"id":401,"href":"https:\/\/jltservices.com.co\/index.php?rest_route=\/wp\/v2\/pages\/135\/revisions\/401"}],"wp:attachment":[{"href":"https:\/\/jltservices.com.co\/index.php?rest_route=%2Fwp%2Fv2%2Fmedia&parent=135"}],"curies":[{"name":"wp","href":"https:\/\/api.w.org\/{rel}","templated":true}]}}