{"id":134,"date":"2025-04-04T05:09:17","date_gmt":"2025-04-04T05:09:17","guid":{"rendered":"http:\/\/jltservice.co\/?page_id=134"},"modified":"2025-05-14T19:36:44","modified_gmt":"2025-05-14T19:36:44","slug":"cerrrajeria","status":"publish","type":"page","link":"https:\/\/jltservices.com.co\/?page_id=134","title":{"rendered":"Cerrajeria"},"content":{"rendered":"\n[et_pb_section fb_built=\u00bb1&#8243; _builder_version=\u00bb4.27.4&#8243; _module_preset=\u00bbdefault\u00bb background_color=\u00bb#001652&#8243; locked=\u00bboff\u00bb global_colors_info=\u00bb{}\u00bb da_is_popup=\u00bboff\u00bb da_exit_intent=\u00bboff\u00bb da_has_close=\u00bbon\u00bb da_alt_close=\u00bboff\u00bb da_dark_close=\u00bboff\u00bb da_not_modal=\u00bbon\u00bb da_is_singular=\u00bboff\u00bb da_with_loader=\u00bboff\u00bb da_has_shadow=\u00bbon\u00bb da_disable_devices=\u00bboff|off|off\u00bb][et_pb_row column_structure=\u00bb1_2,1_2&#8243; _builder_version=\u00bb4.27.4&#8243; _module_preset=\u00bbdefault\u00bb custom_margin=\u00bb19px|auto||auto||\u00bb global_colors_info=\u00bb{}\u00bb][et_pb_column type=\u00bb1_2&#8243; _builder_version=\u00bb4.27.4&#8243; _module_preset=\u00bbdefault\u00bb global_colors_info=\u00bb{}\u00bb][et_pb_image src=\u00bbhttp:\/\/jltservices.com.co\/wp-content\/uploads\/2025\/04\/CARRAJERIA-1.png\u00bb title_text=\u00bbCARRAJERIA\u00bb _builder_version=\u00bb4.27.4&#8243; _module_preset=\u00bbdefault\u00bb animation_style=\u00bbfold\u00bb hover_enabled=\u00bb0&#8243; global_colors_info=\u00bb{}\u00bb sticky_enabled=\u00bb0&#8243;][\/et_pb_image][\/et_pb_column][et_pb_column type=\u00bb1_2&#8243; _builder_version=\u00bb4.27.4&#8243; _module_preset=\u00bbdefault\u00bb global_colors_info=\u00bb{}\u00bb][et_pb_text _builder_version=\u00bb4.27.4&#8243; _module_preset=\u00bbdefault\u00bb text_font=\u00bb&#8211;et_global_body_font||||||||\u00bb header_font=\u00bb&#8211;et_global_body_font|800|||||||\u00bb header_text_color=\u00bb#b20809&#8243; header_font_size=\u00bb29px\u00bb custom_margin=\u00bb48px|||||\u00bb custom_padding=\u00bb23px|||||\u00bb animation_style=\u00bbbounce\u00bb header_font_size_tablet=\u00bb29px\u00bb header_font_size_phone=\u00bb22px\u00bb header_font_size_last_edited=\u00bbon|phone\u00bb header_text_shadow_style=\u00bbpreset4&#8243; header_text_shadow_horizontal_length=\u00bb0.09em\u00bb header_text_shadow_color=\u00bbrgba(0,0,0,0.5)\u00bb global_colors_info=\u00bb{}\u00bb]<h1 style=\"text-align: center;\">\u00bfTe has quedado fuera de casa o necesitas cambiar tus cerraduras? \u00a1No te preocupes, estamos aqu\u00ed para ayudarte!<\/h1>[\/et_pb_text][et_pb_text _builder_version=\u00bb4.27.4&#8243; _module_preset=\u00bbdefault\u00bb header_4_font=\u00bb&#8211;et_global_body_font|600|||||||\u00bb header_4_text_color=\u00bb#FFFFFF\u00bb header_4_font_size=\u00bb19px\u00bb animation_style=\u00bbbounce\u00bb global_colors_info=\u00bb{}\u00bb]<h4 style=\"text-align: justify;\">JLT somos expertos en cerrajer\u00eda y seguridad. Ofrecemos servicios r\u00e1pidos y confiables para resolver cualquier emergencia, ya sea que hayas perdido tus llaves, necesites abrir una puerta o quieras instalar un sistema de seguridad de alta calidad en tu hogar o negocio.<\/h4>[\/et_pb_text][\/et_pb_column][\/et_pb_row][\/et_pb_section][et_pb_section fb_built=\u00bb1&#8243; prev_background_color=\u00bb#001652&#8243; _builder_version=\u00bb4.27.4&#8243; _module_preset=\u00bbdefault\u00bb background_color=\u00bb#b20809&#8243; top_divider_style=\u00bbramp2&#8243; locked=\u00bboff\u00bb global_colors_info=\u00bb{}\u00bb da_is_popup=\u00bboff\u00bb da_exit_intent=\u00bboff\u00bb da_has_close=\u00bbon\u00bb da_alt_close=\u00bboff\u00bb da_dark_close=\u00bboff\u00bb da_not_modal=\u00bbon\u00bb da_is_singular=\u00bboff\u00bb da_with_loader=\u00bboff\u00bb da_has_shadow=\u00bbon\u00bb da_disable_devices=\u00bboff|off|off\u00bb][et_pb_row _builder_version=\u00bb4.27.4&#8243; _module_preset=\u00bbdefault\u00bb global_colors_info=\u00bb{}\u00bb][et_pb_column type=\u00bb4_4&#8243; _builder_version=\u00bb4.27.4&#8243; _module_preset=\u00bbdefault\u00bb global_colors_info=\u00bb{}\u00bb][et_pb_text _builder_version=\u00bb4.27.4&#8243; _module_preset=\u00bbdefault\u00bb text_font=\u00bb&#8211;et_global_body_font||||||||\u00bb header_font=\u00bb&#8211;et_global_body_font|800|||||||\u00bb header_text_color=\u00bb#FFFFFF\u00bb header_font_size=\u00bb39px\u00bb custom_margin=\u00bb11px|||||\u00bb custom_padding=\u00bb23px|||||\u00bb animation_style=\u00bbbounce\u00bb header_text_shadow_style=\u00bbpreset4&#8243; header_text_shadow_horizontal_length=\u00bb0.09em\u00bb header_text_shadow_color=\u00bbrgba(0,0,0,0.5)\u00bb global_colors_info=\u00bb{}\u00bb]<h1 style=\"text-align: center;\">\u00bfPor qu\u00e9 Elegirnos?<\/h1>[\/et_pb_text][\/et_pb_column][\/et_pb_row][et_pb_row column_structure=\u00bb1_2,1_2&#8243; _builder_version=\u00bb4.27.4&#8243; _module_preset=\u00bbdefault\u00bb locked=\u00bboff\u00bb global_colors_info=\u00bb{}\u00bb][et_pb_column type=\u00bb1_2&#8243; _builder_version=\u00bb4.27.4&#8243; _module_preset=\u00bbdefault\u00bb global_colors_info=\u00bb{}\u00bb][et_pb_slider _builder_version=\u00bb4.27.4&#8243; _module_preset=\u00bbdefault\u00bb animation_style=\u00bbfold\u00bb link_option_url=\u00bbhttps:\/\/wa.link\/v7qzkf\u00bb link_option_url_new_window=\u00bbon\u00bb border_radii=\u00bbon|20px|20px|20px|20px\u00bb global_colors_info=\u00bb{}\u00bb][et_pb_slide heading=\u00bbDisponibilidad 24\/7&#8243; button_text=\u00bbCont\u00e1ctanos \u00bb button_link=\u00bbhttps:\/\/wa.link\/v7qzkf\u00bb url_new_window=\u00bbon\u00bb use_bg_overlay=\u00bbon\u00bb bg_overlay_color=\u00bb#001652&#8243; _builder_version=\u00bb4.27.4&#8243; _module_preset=\u00bbdefault\u00bb custom_button=\u00bbon\u00bb button_text_color=\u00bb#FFFFFF\u00bb button_bg_color=\u00bb#b20809&#8243; button_border_color=\u00bb#E02B20&#8243; button_icon=\u00bb&#x30;||divi||400&#8243; button_icon_color=\u00bb#FFFFFF\u00bb link_option_url=\u00bbhttps:\/\/wa.link\/v7qzkf\u00bb global_colors_info=\u00bb{}\u00bb button_bg_color__hover_enabled=\u00bbon|hover\u00bb button_bg_color__hover=\u00bb#b24747&#8243; button_bg_enable_color__hover=\u00bbon\u00bb sticky_transition=\u00bbon\u00bb]<p>Estamos disponibles en cualquier momento, incluso los fines de semana y festivos, para que no te quedes esperando.<\/p>[\/et_pb_slide][et_pb_slide heading=\u00bbProfesionales certificados\u00bb button_text=\u00bbCont\u00e1ctanos \u00bb button_link=\u00bbhttps:\/\/wa.link\/v7qzkf\u00bb url_new_window=\u00bbon\u00bb use_bg_overlay=\u00bbon\u00bb bg_overlay_color=\u00bb#001652&#8243; _builder_version=\u00bb4.27.4&#8243; _module_preset=\u00bbdefault\u00bb custom_button=\u00bbon\u00bb button_text_color=\u00bb#FFFFFF\u00bb button_bg_color=\u00bb#b20809&#8243; button_border_color=\u00bb#E02B20&#8243; button_icon=\u00bb&#x30;||divi||400&#8243; button_icon_color=\u00bb#FFFFFF\u00bb link_option_url=\u00bbhttps:\/\/wa.link\/v7qzkf\u00bb link_option_url_new_window=\u00bbon\u00bb global_colors_info=\u00bb{}\u00bb button_bg_color__hover_enabled=\u00bbon|hover\u00bb button_bg_color__hover=\u00bb#b24747&#8243; button_bg_enable_color__hover=\u00bbon\u00bb sticky_transition=\u00bbon\u00bb]<p>Nuestro equipo est\u00e1 capacitado para resolver cualquier problema de cerrajer\u00eda con rapidez y eficacia.<\/p>[\/et_pb_slide][\/et_pb_slider][\/et_pb_column][et_pb_column type=\u00bb1_2&#8243; _builder_version=\u00bb4.27.4&#8243; _module_preset=\u00bbdefault\u00bb global_colors_info=\u00bb{}\u00bb][et_pb_slider _builder_version=\u00bb4.27.4&#8243; _module_preset=\u00bbdefault\u00bb body_font_size=\u00bb16px\u00bb animation_style=\u00bbfold\u00bb link_option_url=\u00bbhttps:\/\/wa.link\/v7qzkf\u00bb link_option_url_new_window=\u00bbon\u00bb border_radii=\u00bbon|20px|20px|20px|20px\u00bb global_colors_info=\u00bb{}\u00bb][et_pb_slide heading=\u00bbPrecios Transparentes\u00bb button_text=\u00bbCont\u00e1ctanos \u00bb button_link=\u00bbhttps:\/\/wa.link\/v7qzkf\u00bb url_new_window=\u00bbon\u00bb use_bg_overlay=\u00bbon\u00bb bg_overlay_color=\u00bb#001652&#8243; _builder_version=\u00bb4.27.4&#8243; _module_preset=\u00bbdefault\u00bb custom_button=\u00bbon\u00bb button_text_color=\u00bb#FFFFFF\u00bb button_bg_color=\u00bb#b20809&#8243; button_border_color=\u00bb#E02B20&#8243; button_icon=\u00bb&#x30;||divi||400&#8243; button_icon_color=\u00bb#FFFFFF\u00bb link_option_url=\u00bbhttps:\/\/wa.link\/v7qzkf\u00bb link_option_url_new_window=\u00bbon\u00bb global_colors_info=\u00bb{}\u00bb button_bg_color__hover_enabled=\u00bbon|hover\u00bb button_bg_color__hover=\u00bb#b24747&#8243; button_bg_enable_color__hover=\u00bbon\u00bb sticky_transition=\u00bbon\u00bb]<p>Sin sorpresas ni costos ocultos. Te damos una cotizaci\u00f3n clara antes de comenzar el trabajo.<\/p>[\/et_pb_slide][et_pb_slide heading=\u00bbSoluciones De Alta Seguridad\u00bb button_text=\u00bbCont\u00e1ctanos \u00bb button_link=\u00bbhttps:\/\/wa.link\/v7qzkf\u00bb url_new_window=\u00bbon\u00bb use_bg_overlay=\u00bbon\u00bb bg_overlay_color=\u00bb#001652&#8243; _builder_version=\u00bb4.27.4&#8243; _module_preset=\u00bbdefault\u00bb custom_button=\u00bbon\u00bb button_text_color=\u00bb#FFFFFF\u00bb button_bg_color=\u00bb#b20809&#8243; button_border_color=\u00bb#E02B20&#8243; button_icon=\u00bb&#x30;||divi||400&#8243; button_icon_color=\u00bb#FFFFFF\u00bb link_option_url=\u00bbhttps:\/\/wa.link\/v7qzkf\u00bb link_option_url_new_window=\u00bbon\u00bb global_colors_info=\u00bb{}\u00bb button_bg_color__hover_enabled=\u00bbon|hover\u00bb button_bg_color__hover=\u00bb#b24747&#8243; button_bg_enable_color__hover=\u00bbon\u00bb sticky_transition=\u00bbon\u00bb]<h4>Si buscas mejorar la seguridad de tu hogar o negocio, te ayudamos a elegir las cerraduras m\u00e1s modernas y resistentes.<\/h4>[\/et_pb_slide][\/et_pb_slider][\/et_pb_column][\/et_pb_row][et_pb_row _builder_version=\u00bb4.27.4&#8243; _module_preset=\u00bbdefault\u00bb locked=\u00bboff\u00bb global_colors_info=\u00bb{}\u00bb][et_pb_column type=\u00bb4_4&#8243; _builder_version=\u00bb4.27.4&#8243; _module_preset=\u00bbdefault\u00bb global_colors_info=\u00bb{}\u00bb][et_pb_text _builder_version=\u00bb4.27.4&#8243; _module_preset=\u00bbdefault\u00bb text_font=\u00bb&#8211;et_global_body_font|600|||||||\u00bb text_text_color=\u00bb#E02B20&#8243; header_4_font=\u00bb&#8211;et_global_body_font|600|||||||\u00bb header_4_text_color=\u00bb#000000&#8243; global_colors_info=\u00bb{}\u00bb]<h4 style=\"text-align: center;\"><span style=\"color: #ffffff;\">\u00a1Cont\u00e1ctanos hoy y solicita tu presupuesto sin compromiso!<\/span><\/h4>[\/et_pb_text][\/et_pb_column][\/et_pb_row][et_pb_row column_structure=\u00bb1_2,1_2&#8243; _builder_version=\u00bb4.27.4&#8243; _module_preset=\u00bbdefault\u00bb width=\u00bb52%\u00bb global_colors_info=\u00bb{}\u00bb][et_pb_column type=\u00bb1_2&#8243; _builder_version=\u00bb4.27.4&#8243; _module_preset=\u00bbdefault\u00bb global_colors_info=\u00bb{}\u00bb][et_pb_video src=\u00bbhttp:\/\/jltservices.com.co\/wp-content\/uploads\/2025\/04\/WhatsApp-Video-2025-04-04-at-9.15.00-AM.mp4&#8243; _builder_version=\u00bb4.27.4&#8243; _module_preset=\u00bbdefault\u00bb width=\u00bb81%\u00bb border_radii=\u00bbon|32px|32px|32px|32px\u00bb global_colors_info=\u00bb{}\u00bb][\/et_pb_video][\/et_pb_column][et_pb_column type=\u00bb1_2&#8243; _builder_version=\u00bb4.27.4&#8243; _module_preset=\u00bbdefault\u00bb global_colors_info=\u00bb{}\u00bb][et_pb_video src=\u00bbhttp:\/\/jltservices.com.co\/wp-content\/uploads\/2025\/04\/WhatsApp-Video-2025-04-04-at-9.15.00-AM-1.mp4&#8243; _builder_version=\u00bb4.27.4&#8243; _module_preset=\u00bbdefault\u00bb width=\u00bb81%\u00bb custom_margin=\u00bb52px|||||\u00bb border_radii=\u00bbon|32px|32px|32px|32px\u00bb global_colors_info=\u00bb{}\u00bb][\/et_pb_video][\/et_pb_column][\/et_pb_row][\/et_pb_section]\n","protected":false},"excerpt":{"rendered":"<p>\u00bfTe has quedado fuera de casa o necesitas cambiar tus cerraduras? \u00a1No te preocupes, estamos aqu\u00ed para ayudarte!JLT somos expertos en cerrajer\u00eda y seguridad. Ofrecemos servicios r\u00e1pidos y confiables para resolver cualquier emergencia, ya sea que hayas perdido tus llaves, necesites abrir una puerta o quieras instalar un sistema de seguridad de alta calidad en [&hellip;]<\/p>\n","protected":false},"author":1,"featured_media":0,"parent":0,"menu_order":0,"comment_status":"closed","ping_status":"closed","template":"","meta":{"_et_pb_use_builder":"on","_et_pb_old_content":"","_et_gb_content_width":"","footnotes":""},"class_list":["post-134","page","type-page","status-publish","hentry"],"_links":{"self":[{"href":"https:\/\/jltservices.com.co\/index.php?rest_route=\/wp\/v2\/pages\/134","targetHints":{"allow":["GET"]}}],"collection":[{"href":"https:\/\/jltservices.com.co\/index.php?rest_route=\/wp\/v2\/pages"}],"about":[{"href":"https:\/\/jltservices.com.co\/index.php?rest_route=\/wp\/v2\/types\/page"}],"author":[{"embeddable":true,"href":"https:\/\/jltservices.com.co\/index.php?rest_route=\/wp\/v2\/users\/1"}],"replies":[{"embeddable":true,"href":"https:\/\/jltservices.com.co\/index.php?rest_route=%2Fwp%2Fv2%2Fcomments&post=134"}],"version-history":[{"count":8,"href":"https:\/\/jltservices.com.co\/index.php?rest_route=\/wp\/v2\/pages\/134\/revisions"}],"predecessor-version":[{"id":502,"href":"https:\/\/jltservices.com.co\/index.php?rest_route=\/wp\/v2\/pages\/134\/revisions\/502"}],"wp:attachment":[{"href":"https:\/\/jltservices.com.co\/index.php?rest_route=%2Fwp%2Fv2%2Fmedia&parent=134"}],"curies":[{"name":"wp","href":"https:\/\/api.w.org\/{rel}","templated":true}]}}